{"id":1580,"date":"2023-05-25T09:12:45","date_gmt":"2023-05-25T12:12:45","guid":{"rendered":"https:\/\/www.cmbituruna.pr.gov.br\/1\/?page_id=1580"},"modified":"2023-05-25T09:21:02","modified_gmt":"2023-05-25T12:21:02","slug":"ouvidoria","status":"publish","type":"page","link":"https:\/\/www.cmbituruna.pr.gov.br\/1\/index.php\/ouvidoria\/","title":{"rendered":"Ouvidoria"},"content":{"rendered":"<p>A Ouvidoria do Legislativo \u00e9 respons\u00e1vel pela media\u00e7\u00e3o entre os Biturunenses e a C\u00e2mara Municipal de Bituruna.<\/p>\n<p>&nbsp;<\/p>\n<p>Ela recebe as demandas dos cidad\u00e3os \u00e0 Casa e permite o acompanhamento dessas solicita\u00e7\u00f5es.<\/p>\n<p>&nbsp;<\/p>\n<p><strong>Formul\u00e1rio de Solicita\u00e7\u00e3o de Ouvidoria:<\/strong><\/p>\n<p>&nbsp;<\/p>\n<div class=\"wpforms-container wpforms-container-full\" id=\"wpforms-987\"><form id=\"wpforms-form-987\" class=\"wpforms-validate wpforms-form\" data-formid=\"987\" method=\"post\" enctype=\"multipart\/form-data\" action=\"\/1\/index.php\/wp-json\/wp\/v2\/pages\/1580\" data-token=\"0ef18605534395b43e38451c6e85e553\" data-token-time=\"1776154495\"><noscript class=\"wpforms-error-noscript\">Ative o JavaScript no seu navegador para preencher este formul\u00e1rio.<\/noscript><div class=\"wpforms-field-container\"><div id=\"wpforms-987-field_0-container\" class=\"wpforms-field wpforms-field-name\" data-field-id=\"0\"><label class=\"wpforms-field-label\">Nome  <span class=\"wpforms-required-label\">*<\/span><\/label><div class=\"wpforms-field-row wpforms-field-large\"><div class=\"wpforms-field-row-block wpforms-first wpforms-one-half\"><input type=\"text\" id=\"wpforms-987-field_0\" class=\"wpforms-field-name-first wpforms-field-required\" name=\"wpforms[fields][0][first]\" required><label for=\"wpforms-987-field_0\" class=\"wpforms-field-sublabel after\">Nome<\/label><\/div><div class=\"wpforms-field-row-block wpforms-one-half\"><input type=\"text\" id=\"wpforms-987-field_0-last\" class=\"wpforms-field-name-last wpforms-field-required\" name=\"wpforms[fields][0][last]\" required><label for=\"wpforms-987-field_0-last\" class=\"wpforms-field-sublabel after\">Sobrenome<\/label><\/div><\/div><\/div><div id=\"wpforms-987-field_7-container\" class=\"wpforms-field wpforms-field-number\" data-field-id=\"7\"><label class=\"wpforms-field-label\" for=\"wpforms-987-field_7\">CPF <span class=\"wpforms-required-label\">*<\/span><\/label><input type=\"number\" id=\"wpforms-987-field_7\" class=\"wpforms-field-medium wpforms-field-required\" name=\"wpforms[fields][7]\" required><\/div><div id=\"wpforms-987-field_8-container\" class=\"wpforms-field wpforms-field-textarea\" data-field-id=\"8\"><label class=\"wpforms-field-label\" for=\"wpforms-987-field_8\">Endere\u00e7o<\/label><textarea id=\"wpforms-987-field_8\" class=\"wpforms-field-medium\" name=\"wpforms[fields][8]\" ><\/textarea><\/div><div id=\"wpforms-987-field_1-container\" class=\"wpforms-field wpforms-field-email\" data-field-id=\"1\"><label class=\"wpforms-field-label\" for=\"wpforms-987-field_1\">E-mail <span class=\"wpforms-required-label\">*<\/span><\/label><input type=\"email\" id=\"wpforms-987-field_1\" class=\"wpforms-field-medium wpforms-field-required\" name=\"wpforms[fields][1]\" spellcheck=\"false\" required><\/div><div id=\"wpforms-987-field_2-container\" class=\"wpforms-field wpforms-field-textarea\" data-field-id=\"2\"><label class=\"wpforms-field-label\" for=\"wpforms-987-field_2\">Escreva detalhadamente sua solicita\u00e7\u00e3o aqui: <span class=\"wpforms-required-label\">*<\/span><\/label><textarea id=\"wpforms-987-field_2\" class=\"wpforms-field-medium wpforms-field-required\" name=\"wpforms[fields][2]\" required><\/textarea><\/div><\/div><!-- .wpforms-field-container --><div class=\"wpforms-recaptcha-container wpforms-is-recaptcha wpforms-is-recaptcha-type-v2\" ><div class=\"g-recaptcha\" data-sitekey=\"6Lego0kbAAAAAJ_Fya7bJgpAMwLlT2lgpu2qu6VP\"><\/div><input type=\"text\" name=\"g-recaptcha-hidden\" class=\"wpforms-recaptcha-hidden\" style=\"position:absolute!important;clip:rect(0,0,0,0)!important;height:1px!important;width:1px!important;border:0!important;overflow:hidden!important;padding:0!important;margin:0!important;\" data-rule-recaptcha=\"1\"><\/div><div class=\"wpforms-submit-container\" ><input type=\"hidden\" name=\"wpforms[id]\" value=\"987\"><input type=\"hidden\" name=\"page_title\" value=\"\"><input type=\"hidden\" name=\"page_url\" value=\"https:\/\/www.cmbituruna.pr.gov.br\/1\/index.php\/wp-json\/wp\/v2\/pages\/1580\"><button type=\"submit\" name=\"wpforms[submit]\" id=\"wpforms-submit-987\" class=\"wpforms-submit\" data-alt-text=\"Enviando...\" data-submit-text=\"Enviar\" aria-live=\"assertive\" value=\"wpforms-submit\">Enviar<\/button><\/div><\/form><\/div>  <!-- .wpforms-container -->\n<p>&nbsp;<\/p>\n<p><strong>OUTRAS FORMAS DE ACESSO<\/strong><\/p>\n<p>&nbsp;<\/p>\n<p><strong>Atendimento presencial:<\/strong> Dirija-se a C\u00e2mara Municipal de Bituruna, no endere\u00e7o, Av. Dr. Oscar Geyer, Nur 639, centro. Solicite o atendimento a ouvidoria na secretaria.<\/p>\n<p>&nbsp;<\/p>\n<p><strong>E-mail ouvidoria: <\/strong>cmbituruna@cmbituruna.pr.gov.br<\/p>\n<p>&nbsp;<\/p>\n<p><strong>Correspond\u00eancia:<\/strong> Envie sua correspond\u00eancia endere\u00e7ada \u00e0 C\u00e2mara Municipal de Bituruna \u2013 Ouvidoria. O CEP de envio \u00e9 o 84.640-000.<\/p>\n<p>&nbsp;<\/p>\n<p><strong>Telefone<\/strong> \u2013 O telefone para Ouvidoria \u00e9 o (42) 3553 1566<\/p>\n<p>&nbsp;<\/p>\n<p><strong>Expediente:<\/strong>\u00a0O hor\u00e1rio de expediente da C\u00e2mara de Bituruna \u00e9 das 8h \u00e0s 12h e das 13h \u00e0s 17h, de segunda a sexta-feira.<\/p>\n","protected":false},"excerpt":{"rendered":"<p>A Ouvidoria do Legislativo \u00e9 respons\u00e1vel pela media\u00e7\u00e3o entre os Biturunenses e a C\u00e2mara Municipal de Bituruna. &nbsp; Ela recebe as demandas dos cidad\u00e3os \u00e0 Casa e permite o acompanhamento dessas solicita\u00e7\u00f5es. &nbsp; Formul\u00e1rio de Solicita\u00e7\u00e3o de Ouvidoria: &nbsp; &nbsp; OUTRAS FORMAS DE ACESSO &nbsp; Atendimento presencial: Dirija-se a C\u00e2mara Municipal de Bituruna, no endere\u00e7o, <a class=\"more-link\" href=\"https:\/\/www.cmbituruna.pr.gov.br\/1\/index.php\/ouvidoria\/\">Leia mais&#8230; &raquo;<\/a><\/p>\n","protected":false},"author":2,"featured_media":0,"parent":0,"menu_order":0,"comment_status":"closed","ping_status":"closed","template":"","meta":{"_lmt_disableupdate":"yes","_lmt_disable":"","_monsterinsights_skip_tracking":false,"_monsterinsights_sitenote_active":false,"_monsterinsights_sitenote_note":"","_monsterinsights_sitenote_category":0,"footnotes":""},"class_list":["post-1580","page","type-page","status-publish","hentry"],"yoast_head":"<!-- This site is optimized with the Yoast SEO plugin v26.2 - https:\/\/yoast.com\/wordpress\/plugins\/seo\/ -->\n<title>Ouvidoria - C\u00e2mara Municipal de Bituruna<\/title>\n<meta name=\"robots\" content=\"index, follow, max-snippet:-1, max-image-preview:large, max-video-preview:-1\" \/>\n<link rel=\"canonical\" href=\"https:\/\/www.cmbituruna.pr.gov.br\/1\/index.php\/ouvidoria\/\" \/>\n<script type=\"application\/ld+json\" class=\"yoast-schema-graph\">{\"@context\":\"https:\/\/schema.org\",\"@graph\":[{\"@type\":\"BreadcrumbList\",\"@id\":\"https:\/\/www.cmbituruna.pr.gov.br\/1\/index.php\/ouvidoria\/#breadcrumb\",\"itemListElement\":[{\"@type\":\"ListItem\",\"position\":1,\"name\":\"In\u00edcio\",\"item\":\"https:\/\/www.cmbituruna.pr.gov.br\/1\/\"},{\"@type\":\"ListItem\",\"position\":2,\"name\":\"Ouvidoria\"}]}]}<\/script>\n<!-- \/ Yoast SEO plugin. -->","yoast_head_json":{"title":"Ouvidoria - C\u00e2mara Municipal de Bituruna","robots":{"index":"index","follow":"follow","max-snippet":"max-snippet:-1","max-image-preview":"max-image-preview:large","max-video-preview":"max-video-preview:-1"},"canonical":"https:\/\/www.cmbituruna.pr.gov.br\/1\/index.php\/ouvidoria\/","schema":{"@context":"https:\/\/schema.org","@graph":[{"@type":"BreadcrumbList","@id":"https:\/\/www.cmbituruna.pr.gov.br\/1\/index.php\/ouvidoria\/#breadcrumb","itemListElement":[{"@type":"ListItem","position":1,"name":"In\u00edcio","item":"https:\/\/www.cmbituruna.pr.gov.br\/1\/"},{"@type":"ListItem","position":2,"name":"Ouvidoria"}]}]}},"_links":{"self":[{"href":"https:\/\/www.cmbituruna.pr.gov.br\/1\/index.php\/wp-json\/wp\/v2\/pages\/1580","targetHints":{"allow":["GET"]}}],"collection":[{"href":"https:\/\/www.cmbituruna.pr.gov.br\/1\/index.php\/wp-json\/wp\/v2\/pages"}],"about":[{"href":"https:\/\/www.cmbituruna.pr.gov.br\/1\/index.php\/wp-json\/wp\/v2\/types\/page"}],"author":[{"embeddable":true,"href":"https:\/\/www.cmbituruna.pr.gov.br\/1\/index.php\/wp-json\/wp\/v2\/users\/2"}],"replies":[{"embeddable":true,"href":"https:\/\/www.cmbituruna.pr.gov.br\/1\/index.php\/wp-json\/wp\/v2\/comments?post=1580"}],"version-history":[{"count":5,"href":"https:\/\/www.cmbituruna.pr.gov.br\/1\/index.php\/wp-json\/wp\/v2\/pages\/1580\/revisions"}],"predecessor-version":[{"id":1587,"href":"https:\/\/www.cmbituruna.pr.gov.br\/1\/index.php\/wp-json\/wp\/v2\/pages\/1580\/revisions\/1587"}],"wp:attachment":[{"href":"https:\/\/www.cmbituruna.pr.gov.br\/1\/index.php\/wp-json\/wp\/v2\/media?parent=1580"}],"curies":[{"name":"wp","href":"https:\/\/api.w.org\/{rel}","templated":true}]}}