{"id":1619,"date":"2023-05-25T10:22:22","date_gmt":"2023-05-25T13:22:22","guid":{"rendered":"https:\/\/www.cmbituruna.pr.gov.br\/1\/?page_id=1619"},"modified":"2023-05-26T08:56:12","modified_gmt":"2023-05-26T11:56:12","slug":"lgpd","status":"publish","type":"page","link":"https:\/\/www.cmbituruna.pr.gov.br\/1\/index.php\/lgpd\/","title":{"rendered":"Lei Geral de Prote\u00e7\u00e3o de Dados LGPD"},"content":{"rendered":"<p>A sigla LGPD, cada vez mais comum no Brasil, refere-se \u00e0 Lei n\u00ba 13.709, de 14 de agosto de 2018, conhecida como Lei Geral de Prote\u00e7\u00e3o de Dados.<\/p>\n<p>&nbsp;<\/p>\n<p>Seu objetivo \u00e9 disciplinar juridicamente uma realidade que, h\u00e1 anos, vem se configurando, e que muitos cidad\u00e3os j\u00e1 perceberam na pr\u00e1tica: os dados pessoais se tornaram itens estrat\u00e9gicos para muitas organiza\u00e7\u00f5es, e o contexto tecnol\u00f3gico vem possibilitando uma circula\u00e7\u00e3o cada vez maior dessas informa\u00e7\u00f5es, o que resulta em certa diminui\u00e7\u00e3o da privacidade das pessoas.<\/p>\n<p>&nbsp;<\/p>\n<p>A C\u00e2mara Municipal de Bituruna, ciente da import\u00e2ncia do zelo no tratamento dos dados pessoais, especialmente em rela\u00e7\u00e3o \u00e0 necessidade de adequa\u00e7\u00e3o \u00e0 Lei n\u00ba 12.527, de 18 de novembro de 2011 (Lei de Acesso \u00e0 Informa\u00e7\u00e3o), adota uma pol\u00edtica orientada pelo respeito \u00e0 privacidade.<\/p>\n<p>&nbsp;<\/p>\n<p>Todo tratamento de dados pessoais realizado \u00e9 pautado pela boa-f\u00e9 e pela observ\u00e2ncia de finalidade leg\u00edtima, adequada \u00e0 necessidade da institui\u00e7\u00e3o e ao interesse p\u00fablico.<\/p>\n<p>&nbsp;<\/p>\n<p>\u00c9 garantido o livre acesso aos titulares dos dados, n\u00e3o havendo tratamento, por parte da C\u00e2mara Municipal de Bituruna, com finalidade comercial, discriminat\u00f3ria, il\u00edcita ou abusiva.<\/p>\n<p>&nbsp;<\/p>\n<p>D\u00favidas e pedidos de informa\u00e7\u00e3o sobre o tratamento de dados pessoais devem ser direcionadas por meio do endere\u00e7o eletr\u00f4nico e-mail: cmbituruna@cmbituruna.pr.gov.br.<\/p>\n<p>&nbsp;<\/p>\n<p><strong>Procuradoria do Legislativo:<\/strong> Roumaine Agustini<\/p>\n<p>&nbsp;<\/p>\n<p><strong>Este Link (<a href=\"https:\/\/transparencia.betha.cloud\/#\/pbNk9MZNQHleVani7FcG9g==\/dados-abertos\" target=\"_blank\" rel=\"noopener\">Clique aqui<\/a>) possibilita o acesso automatizado por sistemas externos em formato abertos, estruturado e e leg\u00edveis por m\u00e1quina.\u00a0<\/strong><\/p>\n<p>&nbsp;<\/p>\n","protected":false},"excerpt":{"rendered":"<p>A sigla LGPD, cada vez mais comum no Brasil, refere-se \u00e0 Lei n\u00ba 13.709, de 14 de agosto de 2018, conhecida como Lei Geral de Prote\u00e7\u00e3o de Dados. &nbsp; Seu objetivo \u00e9 disciplinar juridicamente uma realidade que, h\u00e1 anos, vem se configurando, e que muitos cidad\u00e3os j\u00e1 perceberam na pr\u00e1tica: os dados pessoais se tornaram <a class=\"more-link\" href=\"https:\/\/www.cmbituruna.pr.gov.br\/1\/index.php\/lgpd\/\">Leia mais&#8230; &raquo;<\/a><\/p>\n","protected":false},"author":2,"featured_media":0,"parent":0,"menu_order":0,"comment_status":"closed","ping_status":"closed","template":"","meta":{"_lmt_disableupdate":"yes","_lmt_disable":"","_monsterinsights_skip_tracking":false,"_monsterinsights_sitenote_active":false,"_monsterinsights_sitenote_note":"","_monsterinsights_sitenote_category":0,"footnotes":""},"class_list":["post-1619","page","type-page","status-publish","hentry"],"yoast_head":"<!-- This site is optimized with the Yoast SEO plugin v26.2 - https:\/\/yoast.com\/wordpress\/plugins\/seo\/ -->\n<title>Lei Geral de Prote\u00e7\u00e3o de Dados LGPD - C\u00e2mara Municipal de Bituruna<\/title>\n<meta name=\"robots\" content=\"index, follow, max-snippet:-1, max-image-preview:large, max-video-preview:-1\" \/>\n<link rel=\"canonical\" href=\"https:\/\/www.cmbituruna.pr.gov.br\/1\/index.php\/lgpd\/\" \/>\n<script type=\"application\/ld+json\" class=\"yoast-schema-graph\">{\"@context\":\"https:\/\/schema.org\",\"@graph\":[{\"@type\":\"BreadcrumbList\",\"@id\":\"https:\/\/www.cmbituruna.pr.gov.br\/1\/index.php\/lgpd\/#breadcrumb\",\"itemListElement\":[{\"@type\":\"ListItem\",\"position\":1,\"name\":\"In\u00edcio\",\"item\":\"https:\/\/www.cmbituruna.pr.gov.br\/1\/\"},{\"@type\":\"ListItem\",\"position\":2,\"name\":\"Lei Geral de Prote\u00e7\u00e3o de Dados LGPD\"}]}]}<\/script>\n<!-- \/ Yoast SEO plugin. -->","yoast_head_json":{"title":"Lei Geral de Prote\u00e7\u00e3o de Dados LGPD - C\u00e2mara Municipal de Bituruna","robots":{"index":"index","follow":"follow","max-snippet":"max-snippet:-1","max-image-preview":"max-image-preview:large","max-video-preview":"max-video-preview:-1"},"canonical":"https:\/\/www.cmbituruna.pr.gov.br\/1\/index.php\/lgpd\/","schema":{"@context":"https:\/\/schema.org","@graph":[{"@type":"BreadcrumbList","@id":"https:\/\/www.cmbituruna.pr.gov.br\/1\/index.php\/lgpd\/#breadcrumb","itemListElement":[{"@type":"ListItem","position":1,"name":"In\u00edcio","item":"https:\/\/www.cmbituruna.pr.gov.br\/1\/"},{"@type":"ListItem","position":2,"name":"Lei Geral de Prote\u00e7\u00e3o de Dados LGPD"}]}]}},"_links":{"self":[{"href":"https:\/\/www.cmbituruna.pr.gov.br\/1\/index.php\/wp-json\/wp\/v2\/pages\/1619","targetHints":{"allow":["GET"]}}],"collection":[{"href":"https:\/\/www.cmbituruna.pr.gov.br\/1\/index.php\/wp-json\/wp\/v2\/pages"}],"about":[{"href":"https:\/\/www.cmbituruna.pr.gov.br\/1\/index.php\/wp-json\/wp\/v2\/types\/page"}],"author":[{"embeddable":true,"href":"https:\/\/www.cmbituruna.pr.gov.br\/1\/index.php\/wp-json\/wp\/v2\/users\/2"}],"replies":[{"embeddable":true,"href":"https:\/\/www.cmbituruna.pr.gov.br\/1\/index.php\/wp-json\/wp\/v2\/comments?post=1619"}],"version-history":[{"count":7,"href":"https:\/\/www.cmbituruna.pr.gov.br\/1\/index.php\/wp-json\/wp\/v2\/pages\/1619\/revisions"}],"predecessor-version":[{"id":1624,"href":"https:\/\/www.cmbituruna.pr.gov.br\/1\/index.php\/wp-json\/wp\/v2\/pages\/1619\/revisions\/1624"}],"wp:attachment":[{"href":"https:\/\/www.cmbituruna.pr.gov.br\/1\/index.php\/wp-json\/wp\/v2\/media?parent=1619"}],"curies":[{"name":"wp","href":"https:\/\/api.w.org\/{rel}","templated":true}]}}