{"id":2022,"date":"2024-04-19T10:23:36","date_gmt":"2024-04-19T13:23:36","guid":{"rendered":"https:\/\/www.cmbituruna.pr.gov.br\/1\/?page_id=2022"},"modified":"2024-04-19T10:23:36","modified_gmt":"2024-04-19T13:23:36","slug":"lei-federal-de-acesso-a-informacao-lei-n-12-527-de-18-de-novembro-de-2011","status":"publish","type":"page","link":"https:\/\/www.cmbituruna.pr.gov.br\/1\/index.php\/lei-federal-de-acesso-a-informacao-lei-n-12-527-de-18-de-novembro-de-2011\/","title":{"rendered":"Lei Federal de Acesso \u00e0 Informa\u00e7\u00e3o &#8211; LEI N\u00b0 12.527, DE 18 DE NOVEMBRO DE 2011"},"content":{"rendered":"<p><strong>Documentos classificados:<\/strong>\u00a0A C\u00e2mara Municipal de Bituruna n\u00e3o possui, neste momento, nenhum documento classificado como sigiloso. Nos \u00faltimos 12 meses, tamb\u00e9m n\u00e3o h\u00e1 registro de declara\u00e7\u00e3o de sigilo a documentos da institui\u00e7\u00e3o. A C\u00e2mara Municipal de Bituruna disponibiliza as informa\u00e7\u00f5es solicitadas pelos cidad\u00e3os nos termos da Lei de Acesso \u00e0 Informa\u00e7\u00e3o (Lei federal 12.527\/2011).<\/p>\n<p><a href=\"https:\/\/www.cmbituruna.pr.gov.br\/1\/wp-content\/uploads\/2024\/04\/sic-lai.jpg\"><img fetchpriority=\"high\" decoding=\"async\" class=\"size-full wp-image-2023 alignleft\" src=\"https:\/\/www.cmbituruna.pr.gov.br\/1\/wp-content\/uploads\/2024\/04\/sic-lai.jpg\" alt=\"\" width=\"750\" height=\"2247\" data-wp-pid=\"2023\" srcset=\"https:\/\/www.cmbituruna.pr.gov.br\/1\/wp-content\/uploads\/2024\/04\/sic-lai.jpg 750w, https:\/\/www.cmbituruna.pr.gov.br\/1\/wp-content\/uploads\/2024\/04\/sic-lai-100x300.jpg 100w, https:\/\/www.cmbituruna.pr.gov.br\/1\/wp-content\/uploads\/2024\/04\/sic-lai-342x1024.jpg 342w, https:\/\/www.cmbituruna.pr.gov.br\/1\/wp-content\/uploads\/2024\/04\/sic-lai-513x1536.jpg 513w, https:\/\/www.cmbituruna.pr.gov.br\/1\/wp-content\/uploads\/2024\/04\/sic-lai-684x2048.jpg 684w\" sizes=\"(max-width: 750px) 100vw, 750px\" \/><\/a><\/p>\n","protected":false},"excerpt":{"rendered":"<p>Documentos classificados:\u00a0A C\u00e2mara Municipal de Bituruna n\u00e3o possui, neste momento, nenhum documento classificado como sigiloso. Nos \u00faltimos 12 meses, tamb\u00e9m n\u00e3o h\u00e1 registro de declara\u00e7\u00e3o de sigilo a documentos da institui\u00e7\u00e3o. A C\u00e2mara Municipal de Bituruna disponibiliza as informa\u00e7\u00f5es solicitadas pelos cidad\u00e3os nos termos da Lei de Acesso \u00e0 Informa\u00e7\u00e3o (Lei federal 12.527\/2011).<\/p>\n","protected":false},"author":2,"featured_media":0,"parent":0,"menu_order":0,"comment_status":"closed","ping_status":"closed","template":"","meta":{"_lmt_disableupdate":"","_lmt_disable":"","_monsterinsights_skip_tracking":false,"_monsterinsights_sitenote_active":false,"_monsterinsights_sitenote_note":"","_monsterinsights_sitenote_category":0,"footnotes":""},"class_list":["post-2022","page","type-page","status-publish","hentry"],"yoast_head":"<!-- This site is optimized with the Yoast SEO plugin v26.2 - https:\/\/yoast.com\/wordpress\/plugins\/seo\/ -->\n<title>Lei Federal de Acesso \u00e0 Informa\u00e7\u00e3o - LEI N\u00b0 12.527, DE 18 DE NOVEMBRO DE 2011 - C\u00e2mara Municipal de Bituruna<\/title>\n<meta name=\"robots\" content=\"index, follow, max-snippet:-1, max-image-preview:large, max-video-preview:-1\" \/>\n<link rel=\"canonical\" href=\"https:\/\/www.cmbituruna.pr.gov.br\/1\/index.php\/lei-federal-de-acesso-a-informacao-lei-n-12-527-de-18-de-novembro-de-2011\/\" \/>\n<script type=\"application\/ld+json\" class=\"yoast-schema-graph\">{\"@context\":\"https:\/\/schema.org\",\"@graph\":[{\"@type\":\"BreadcrumbList\",\"@id\":\"https:\/\/www.cmbituruna.pr.gov.br\/1\/index.php\/lei-federal-de-acesso-a-informacao-lei-n-12-527-de-18-de-novembro-de-2011\/#breadcrumb\",\"itemListElement\":[{\"@type\":\"ListItem\",\"position\":1,\"name\":\"In\u00edcio\",\"item\":\"https:\/\/www.cmbituruna.pr.gov.br\/1\/\"},{\"@type\":\"ListItem\",\"position\":2,\"name\":\"Lei Federal de Acesso \u00e0 Informa\u00e7\u00e3o &#8211; LEI N\u00b0 12.527, DE 18 DE NOVEMBRO DE 2011\"}]}]}<\/script>\n<!-- \/ Yoast SEO plugin. -->","yoast_head_json":{"title":"Lei Federal de Acesso \u00e0 Informa\u00e7\u00e3o - LEI N\u00b0 12.527, DE 18 DE NOVEMBRO DE 2011 - C\u00e2mara Municipal de Bituruna","robots":{"index":"index","follow":"follow","max-snippet":"max-snippet:-1","max-image-preview":"max-image-preview:large","max-video-preview":"max-video-preview:-1"},"canonical":"https:\/\/www.cmbituruna.pr.gov.br\/1\/index.php\/lei-federal-de-acesso-a-informacao-lei-n-12-527-de-18-de-novembro-de-2011\/","schema":{"@context":"https:\/\/schema.org","@graph":[{"@type":"BreadcrumbList","@id":"https:\/\/www.cmbituruna.pr.gov.br\/1\/index.php\/lei-federal-de-acesso-a-informacao-lei-n-12-527-de-18-de-novembro-de-2011\/#breadcrumb","itemListElement":[{"@type":"ListItem","position":1,"name":"In\u00edcio","item":"https:\/\/www.cmbituruna.pr.gov.br\/1\/"},{"@type":"ListItem","position":2,"name":"Lei Federal de Acesso \u00e0 Informa\u00e7\u00e3o &#8211; LEI N\u00b0 12.527, DE 18 DE NOVEMBRO DE 2011"}]}]}},"_links":{"self":[{"href":"https:\/\/www.cmbituruna.pr.gov.br\/1\/index.php\/wp-json\/wp\/v2\/pages\/2022","targetHints":{"allow":["GET"]}}],"collection":[{"href":"https:\/\/www.cmbituruna.pr.gov.br\/1\/index.php\/wp-json\/wp\/v2\/pages"}],"about":[{"href":"https:\/\/www.cmbituruna.pr.gov.br\/1\/index.php\/wp-json\/wp\/v2\/types\/page"}],"author":[{"embeddable":true,"href":"https:\/\/www.cmbituruna.pr.gov.br\/1\/index.php\/wp-json\/wp\/v2\/users\/2"}],"replies":[{"embeddable":true,"href":"https:\/\/www.cmbituruna.pr.gov.br\/1\/index.php\/wp-json\/wp\/v2\/comments?post=2022"}],"version-history":[{"count":1,"href":"https:\/\/www.cmbituruna.pr.gov.br\/1\/index.php\/wp-json\/wp\/v2\/pages\/2022\/revisions"}],"predecessor-version":[{"id":2025,"href":"https:\/\/www.cmbituruna.pr.gov.br\/1\/index.php\/wp-json\/wp\/v2\/pages\/2022\/revisions\/2025"}],"wp:attachment":[{"href":"https:\/\/www.cmbituruna.pr.gov.br\/1\/index.php\/wp-json\/wp\/v2\/media?parent=2022"}],"curies":[{"name":"wp","href":"https:\/\/api.w.org\/{rel}","templated":true}]}}