{"id":2050,"date":"2024-04-24T10:19:32","date_gmt":"2024-04-24T13:19:32","guid":{"rendered":"https:\/\/www.cmbituruna.pr.gov.br\/1\/?page_id=2050"},"modified":"2024-04-24T10:23:27","modified_gmt":"2024-04-24T13:23:27","slug":"acessibilidade","status":"publish","type":"page","link":"https:\/\/www.cmbituruna.pr.gov.br\/1\/index.php\/acessibilidade\/","title":{"rendered":"Acessibilidade"},"content":{"rendered":"\t\t<div data-elementor-type=\"wp-page\" data-elementor-id=\"2050\" class=\"elementor elementor-2050\" data-elementor-post-type=\"page\">\n\t\t\t\t\t\t<section class=\"elementor-section elementor-top-section elementor-element elementor-element-9b6bb25 elementor-section-boxed elementor-section-height-default elementor-section-height-default\" data-id=\"9b6bb25\" data-element_type=\"section\">\n\t\t\t\t\t\t<div class=\"elementor-container elementor-column-gap-default\">\n\t\t\t\t\t<div class=\"elementor-column elementor-col-100 elementor-top-column elementor-element elementor-element-db061a4\" data-id=\"db061a4\" data-element_type=\"column\">\n\t\t\t<div class=\"elementor-widget-wrap elementor-element-populated\">\n\t\t\t\t\t\t<div class=\"elementor-element elementor-element-61bdce3 elementor-widget elementor-widget-text-editor\" data-id=\"61bdce3\" data-element_type=\"widget\" data-widget_type=\"text-editor.default\">\n\t\t\t\t<div class=\"elementor-widget-container\">\n\t\t\t\t\t\t\t\t\t<p>O Portal da C\u00e2mara Municipal de Bituruna\/PR disp\u00f5e de diversas ferramentas com a finalidade de proporcionar a inclus\u00e3o de pessoas com defici\u00eancia no \u00e2mbito legislativo:<\/p><p>\u00a0<\/p><p>&#8211; Atalhos para os principais elementos de navega\u00e7\u00e3o da p\u00e1gina, como menu principal, pesquisa e mapa do site;<\/p><p>&#8211; Ferramenta de aumentar e diminuir o zoom com o objetivo de ampliar as fontes e imagens para usu\u00e1rios com baixa vis\u00e3o;<\/p><p>\u00a0<\/p><p>&#8211; Vers\u00e3o em alto contraste para pessoas que possuem m\u00e9dio ou alto d\u00e9ficit de vis\u00e3o ou apresentam algum grau de daltonismo;<\/p><p>\u00a0<\/p><p>-Vers\u00e3o com navega\u00e7\u00e3o simplificada que realiza a transcri\u00e7\u00e3o do conte\u00fado em texto para \u00e1udio para deficientes visuais;<\/p><p>\u00a0<\/p><p>\u00a0<\/p><p>&#8211; Ferramenta de tradu\u00e7\u00e3o do conte\u00fado em Libras (dispon\u00edvel na lateral direita) para deficientes auditivos.<\/p>\t\t\t\t\t\t\t\t<\/div>\n\t\t\t\t<\/div>\n\t\t\t\t\t<\/div>\n\t\t<\/div>\n\t\t\t\t\t<\/div>\n\t\t<\/section>\n\t\t\t\t<section class=\"elementor-section elementor-top-section elementor-element elementor-element-f22e2df elementor-section-boxed elementor-section-height-default elementor-section-height-default\" data-id=\"f22e2df\" data-element_type=\"section\">\n\t\t\t\t\t\t<div class=\"elementor-container elementor-column-gap-default\">\n\t\t\t\t\t<div class=\"elementor-column elementor-col-100 elementor-top-column elementor-element elementor-element-21b6c4b\" data-id=\"21b6c4b\" data-element_type=\"column\">\n\t\t\t<div class=\"elementor-widget-wrap elementor-element-populated\">\n\t\t\t\t\t\t\t<\/div>\n\t\t<\/div>\n\t\t\t\t\t<\/div>\n\t\t<\/section>\n\t\t\t\t<section class=\"elementor-section elementor-top-section elementor-element elementor-element-0400634 elementor-section-boxed elementor-section-height-default elementor-section-height-default\" data-id=\"0400634\" data-element_type=\"section\">\n\t\t\t\t\t\t<div class=\"elementor-container elementor-column-gap-default\">\n\t\t\t\t\t<div class=\"elementor-column elementor-col-100 elementor-top-column elementor-element elementor-element-5a8b9ba\" data-id=\"5a8b9ba\" data-element_type=\"column\">\n\t\t\t<div class=\"elementor-widget-wrap elementor-element-populated\">\n\t\t\t\t\t\t<div class=\"elementor-element elementor-element-2d0ac91 elementor-widget elementor-widget-image\" data-id=\"2d0ac91\" data-element_type=\"widget\" data-widget_type=\"image.default\">\n\t\t\t\t<div class=\"elementor-widget-container\">\n\t\t\t\t\t\t\t\t\t\t\t\t\t\t\t<img fetchpriority=\"high\" decoding=\"async\" width=\"780\" height=\"410\" src=\"https:\/\/www.cmbituruna.pr.gov.br\/1\/wp-content\/uploads\/2024\/04\/acess.jpg\" class=\"attachment-large size-large wp-image-2054\" alt=\"\" srcset=\"https:\/\/www.cmbituruna.pr.gov.br\/1\/wp-content\/uploads\/2024\/04\/acess.jpg 1000w, https:\/\/www.cmbituruna.pr.gov.br\/1\/wp-content\/uploads\/2024\/04\/acess-300x158.jpg 300w, https:\/\/www.cmbituruna.pr.gov.br\/1\/wp-content\/uploads\/2024\/04\/acess-768x403.jpg 768w\" sizes=\"(max-width: 780px) 100vw, 780px\" data-wp-pid=\"2054\" \/>\t\t\t\t\t\t\t\t\t\t\t\t\t\t\t<\/div>\n\t\t\t\t<\/div>\n\t\t\t\t\t<\/div>\n\t\t<\/div>\n\t\t\t\t\t<\/div>\n\t\t<\/section>\n\t\t\t\t<\/div>\n\t\t","protected":false},"excerpt":{"rendered":"<p>O Portal da C\u00e2mara Municipal de Bituruna\/PR disp\u00f5e de diversas ferramentas com a finalidade de proporcionar a inclus\u00e3o de pessoas com defici\u00eancia no \u00e2mbito legislativo: \u00a0 &#8211; Atalhos para os principais elementos de navega\u00e7\u00e3o da p\u00e1gina, como menu principal, pesquisa e mapa do site; &#8211; Ferramenta de aumentar e diminuir o zoom com o objetivo <a class=\"more-link\" href=\"https:\/\/www.cmbituruna.pr.gov.br\/1\/index.php\/acessibilidade\/\">Leia mais&#8230; &raquo;<\/a><\/p>\n","protected":false},"author":2,"featured_media":0,"parent":0,"menu_order":0,"comment_status":"closed","ping_status":"closed","template":"","meta":{"_lmt_disableupdate":"","_lmt_disable":"","_monsterinsights_skip_tracking":false,"_monsterinsights_sitenote_active":false,"_monsterinsights_sitenote_note":"","_monsterinsights_sitenote_category":0,"footnotes":""},"class_list":["post-2050","page","type-page","status-publish","hentry"],"yoast_head":"<!-- This site is optimized with the Yoast SEO plugin v26.2 - https:\/\/yoast.com\/wordpress\/plugins\/seo\/ -->\n<title>Acessibilidade - C\u00e2mara Municipal de Bituruna<\/title>\n<meta name=\"robots\" content=\"index, follow, max-snippet:-1, max-image-preview:large, max-video-preview:-1\" \/>\n<link rel=\"canonical\" href=\"https:\/\/www.cmbituruna.pr.gov.br\/1\/index.php\/acessibilidade\/\" \/>\n<script type=\"application\/ld+json\" class=\"yoast-schema-graph\">{\"@context\":\"https:\/\/schema.org\",\"@graph\":[{\"@type\":\"BreadcrumbList\",\"@id\":\"https:\/\/www.cmbituruna.pr.gov.br\/1\/index.php\/acessibilidade\/#breadcrumb\",\"itemListElement\":[{\"@type\":\"ListItem\",\"position\":1,\"name\":\"In\u00edcio\",\"item\":\"https:\/\/www.cmbituruna.pr.gov.br\/1\/\"},{\"@type\":\"ListItem\",\"position\":2,\"name\":\"Acessibilidade\"}]}]}<\/script>\n<!-- \/ Yoast SEO plugin. -->","yoast_head_json":{"title":"Acessibilidade - C\u00e2mara Municipal de Bituruna","robots":{"index":"index","follow":"follow","max-snippet":"max-snippet:-1","max-image-preview":"max-image-preview:large","max-video-preview":"max-video-preview:-1"},"canonical":"https:\/\/www.cmbituruna.pr.gov.br\/1\/index.php\/acessibilidade\/","schema":{"@context":"https:\/\/schema.org","@graph":[{"@type":"BreadcrumbList","@id":"https:\/\/www.cmbituruna.pr.gov.br\/1\/index.php\/acessibilidade\/#breadcrumb","itemListElement":[{"@type":"ListItem","position":1,"name":"In\u00edcio","item":"https:\/\/www.cmbituruna.pr.gov.br\/1\/"},{"@type":"ListItem","position":2,"name":"Acessibilidade"}]}]}},"_links":{"self":[{"href":"https:\/\/www.cmbituruna.pr.gov.br\/1\/index.php\/wp-json\/wp\/v2\/pages\/2050","targetHints":{"allow":["GET"]}}],"collection":[{"href":"https:\/\/www.cmbituruna.pr.gov.br\/1\/index.php\/wp-json\/wp\/v2\/pages"}],"about":[{"href":"https:\/\/www.cmbituruna.pr.gov.br\/1\/index.php\/wp-json\/wp\/v2\/types\/page"}],"author":[{"embeddable":true,"href":"https:\/\/www.cmbituruna.pr.gov.br\/1\/index.php\/wp-json\/wp\/v2\/users\/2"}],"replies":[{"embeddable":true,"href":"https:\/\/www.cmbituruna.pr.gov.br\/1\/index.php\/wp-json\/wp\/v2\/comments?post=2050"}],"version-history":[{"count":6,"href":"https:\/\/www.cmbituruna.pr.gov.br\/1\/index.php\/wp-json\/wp\/v2\/pages\/2050\/revisions"}],"predecessor-version":[{"id":2057,"href":"https:\/\/www.cmbituruna.pr.gov.br\/1\/index.php\/wp-json\/wp\/v2\/pages\/2050\/revisions\/2057"}],"wp:attachment":[{"href":"https:\/\/www.cmbituruna.pr.gov.br\/1\/index.php\/wp-json\/wp\/v2\/media?parent=2050"}],"curies":[{"name":"wp","href":"https:\/\/api.w.org\/{rel}","templated":true}]}}