{"id":2074,"date":"2024-04-24T11:24:12","date_gmt":"2024-04-24T14:24:12","guid":{"rendered":"https:\/\/www.cmbituruna.pr.gov.br\/1\/?page_id=2074"},"modified":"2025-10-30T14:49:58","modified_gmt":"2025-10-30T17:49:58","slug":"carta-de-servicos-ao-usuario","status":"publish","type":"page","link":"https:\/\/www.cmbituruna.pr.gov.br\/1\/index.php\/carta-de-servicos-ao-usuario\/","title":{"rendered":"Carta de Servi\u00e7os ao Usu\u00e1rio"},"content":{"rendered":"\t\t<div data-elementor-type=\"wp-page\" data-elementor-id=\"2074\" class=\"elementor elementor-2074\" data-elementor-post-type=\"page\">\n\t\t\t\t\t\t<section class=\"elementor-section elementor-top-section elementor-element elementor-element-8940457 elementor-section-boxed elementor-section-height-default elementor-section-height-default\" data-id=\"8940457\" data-element_type=\"section\">\n\t\t\t\t\t\t<div class=\"elementor-container elementor-column-gap-default\">\n\t\t\t\t\t<div class=\"elementor-column elementor-col-100 elementor-top-column elementor-element elementor-element-69e0572\" data-id=\"69e0572\" data-element_type=\"column\">\n\t\t\t<div class=\"elementor-widget-wrap elementor-element-populated\">\n\t\t\t\t\t\t<div class=\"elementor-element elementor-element-4b4783f elementor-widget elementor-widget-heading\" data-id=\"4b4783f\" data-element_type=\"widget\" data-widget_type=\"heading.default\">\n\t\t\t\t<div class=\"elementor-widget-container\">\n\t\t\t\t\t<p class=\"elementor-heading-title elementor-size-small\"><span style=\"font-family: Raleway, sans-serif;font-size: 1.75em;font-style: normal;font-weight: bold;letter-spacing: -0.05em;text-align: center\">Conhe\u00e7a os servi\u00e7os que a C\u00e2mara Municpal de Bituruna oferece aos cidad\u00e3os<\/span><\/p>\t\t\t\t<\/div>\n\t\t\t\t<\/div>\n\t\t\t\t\t<\/div>\n\t\t<\/div>\n\t\t\t\t\t<\/div>\n\t\t<\/section>\n\t\t\t\t<section class=\"elementor-section elementor-top-section elementor-element elementor-element-869516d elementor-section-boxed elementor-section-height-default elementor-section-height-default\" data-id=\"869516d\" data-element_type=\"section\">\n\t\t\t\t\t\t<div class=\"elementor-container elementor-column-gap-default\">\n\t\t\t\t\t<div class=\"elementor-column elementor-col-100 elementor-top-column elementor-element elementor-element-43731c1\" data-id=\"43731c1\" data-element_type=\"column\">\n\t\t\t<div class=\"elementor-widget-wrap elementor-element-populated\">\n\t\t\t\t\t\t<div class=\"elementor-element elementor-element-c79ad43 elementor-widget elementor-widget-text-editor\" data-id=\"c79ad43\" data-element_type=\"widget\" data-widget_type=\"text-editor.default\">\n\t\t\t\t<div class=\"elementor-widget-container\">\n\t\t\t\t\t\t\t\t\t<ul style=\"margin-bottom: 0px; margin-left: 2em; list-style-type: disc; color: #333333; font-family: Raleway, sans-serif; font-size: 16px; font-style: normal; font-weight: 400; background-color: #ffffff;\"><li style=\"margin-bottom: 0.25em; line-height: 1.5em;\">A Carta de Servi\u00e7os aos Usu\u00e1rios \u00e9 uma determina\u00e7\u00e3o da\u00a0<a style=\"outline-style: none; outline-width: initial; background: transparent; text-decoration-line: none; color: #205c90; border-bottom-width: initial; border-bottom-style: none;\" title=\"LEI N\u00ba 13.460, DE 26 DE JUNHO DE 2017\" href=\"https:\/\/www.planalto.gov.br\/ccivil_03\/_ato2015-2018\/2017\/lei\/l13460.htm\" target=\"_blank\" rel=\"noopener\">lei federal n\u00ba 13.460\/2017<\/a>, que disp\u00f5e sobre participa\u00e7\u00e3o, prote\u00e7\u00e3o e defesa dos direitos do usu\u00e1rio dos servi\u00e7os oferecidos pela administra\u00e7\u00e3o p\u00fablica.<\/li><li style=\"margin-bottom: 0.25em; line-height: 1.5em;\">No cumprimento desta legisla\u00e7\u00e3o, a C\u00e2mara de Bituruna informa que os aspectos de cada servi\u00e7o est\u00e3o detalhados nas p\u00e1ginas espec\u00edficas. Em rela\u00e7\u00e3o \u00e0s respostas de manifesta\u00e7\u00e3o recebidas dos cidad\u00e3os, a C\u00e2mara cumpre os prazos estabelecidos em lei, que est\u00e3o especificados em cada servi\u00e7o, isso quando a resposta n\u00e3o pode ser fornecida de imediato.<\/li><li style=\"margin-bottom: 0.25em; line-height: 1.5em;\"><strong><span style=\"font-family: Raleway, sans-serif; font-size: 16px; font-style: normal; text-align: center;\">Clique nas imagens abaixo para conferir os servi\u00e7os por \u00e1rea:<\/span><\/strong><\/li><\/ul>\t\t\t\t\t\t\t\t<\/div>\n\t\t\t\t<\/div>\n\t\t\t\t\t<\/div>\n\t\t<\/div>\n\t\t\t\t\t<\/div>\n\t\t<\/section>\n\t\t\t\t<section class=\"elementor-section elementor-top-section elementor-element elementor-element-6a436ac elementor-section-boxed elementor-section-height-default elementor-section-height-default\" data-id=\"6a436ac\" data-element_type=\"section\">\n\t\t\t\t\t\t<div class=\"elementor-container elementor-column-gap-default\">\n\t\t\t\t\t<div class=\"elementor-column elementor-col-25 elementor-top-column elementor-element elementor-element-4f93339\" data-id=\"4f93339\" data-element_type=\"column\">\n\t\t\t<div class=\"elementor-widget-wrap elementor-element-populated\">\n\t\t\t\t\t\t<div class=\"elementor-element elementor-element-102414d elementor-widget elementor-widget-image\" data-id=\"102414d\" data-element_type=\"widget\" data-widget_type=\"image.default\">\n\t\t\t\t<div class=\"elementor-widget-container\">\n\t\t\t\t\t\t\t\t\t\t\t\t\t\t\t\t<a href=\"https:\/\/transparencia.betha.cloud\/#\/pbNk9MZNQHleVani7FcG9g==\" target=\"_blank\">\n\t\t\t\t\t\t\t<img decoding=\"async\" width=\"185\" height=\"93\" src=\"https:\/\/www.cmbituruna.pr.gov.br\/1\/wp-content\/uploads\/2022\/08\/portal-1.png\" class=\"attachment-large size-large wp-image-1596\" alt=\"\" data-wp-pid=\"1596\" \/>\t\t\t\t\t\t\t\t<\/a>\n\t\t\t\t\t\t\t\t\t\t\t\t\t\t\t<\/div>\n\t\t\t\t<\/div>\n\t\t\t\t\t<\/div>\n\t\t<\/div>\n\t\t\t\t<div class=\"elementor-column elementor-col-25 elementor-top-column elementor-element elementor-element-998fb21\" data-id=\"998fb21\" data-element_type=\"column\">\n\t\t\t<div class=\"elementor-widget-wrap elementor-element-populated\">\n\t\t\t\t\t\t<div class=\"elementor-element elementor-element-43a2a0b elementor-widget elementor-widget-image\" data-id=\"43a2a0b\" data-element_type=\"widget\" data-widget_type=\"image.default\">\n\t\t\t\t<div class=\"elementor-widget-container\">\n\t\t\t\t\t\t\t\t\t\t\t\t\t\t\t\t<a href=\"https:\/\/www.cmbituruna.pr.gov.br\/1\/index.php\/ouvidoria\/\">\n\t\t\t\t\t\t\t<img decoding=\"async\" width=\"185\" height=\"93\" src=\"https:\/\/www.cmbituruna.pr.gov.br\/1\/wp-content\/uploads\/2022\/08\/ouvidoria.png\" class=\"attachment-large size-large wp-image-1589\" alt=\"\" data-wp-pid=\"1589\" \/>\t\t\t\t\t\t\t\t<\/a>\n\t\t\t\t\t\t\t\t\t\t\t\t\t\t\t<\/div>\n\t\t\t\t<\/div>\n\t\t\t\t\t<\/div>\n\t\t<\/div>\n\t\t\t\t<div class=\"elementor-column elementor-col-25 elementor-top-column elementor-element elementor-element-624523b\" data-id=\"624523b\" data-element_type=\"column\">\n\t\t\t<div class=\"elementor-widget-wrap elementor-element-populated\">\n\t\t\t\t\t\t<div class=\"elementor-element elementor-element-5dded9f elementor-widget elementor-widget-image\" data-id=\"5dded9f\" data-element_type=\"widget\" data-widget_type=\"image.default\">\n\t\t\t\t<div class=\"elementor-widget-container\">\n\t\t\t\t\t\t\t\t\t\t\t\t\t\t\t\t<a href=\"https:\/\/www.cmbituruna.pr.gov.br\/1\/index.php\/pedido-de-informacoes\/\">\n\t\t\t\t\t\t\t<img decoding=\"async\" width=\"185\" height=\"93\" src=\"https:\/\/www.cmbituruna.pr.gov.br\/1\/wp-content\/uploads\/2022\/08\/sic.png\" class=\"attachment-large size-large wp-image-1572\" alt=\"\" data-wp-pid=\"1572\" \/>\t\t\t\t\t\t\t\t<\/a>\n\t\t\t\t\t\t\t\t\t\t\t\t\t\t\t<\/div>\n\t\t\t\t<\/div>\n\t\t\t\t\t<\/div>\n\t\t<\/div>\n\t\t\t\t<div class=\"elementor-column elementor-col-25 elementor-top-column elementor-element elementor-element-3c0599b\" data-id=\"3c0599b\" data-element_type=\"column\">\n\t\t\t<div class=\"elementor-widget-wrap elementor-element-populated\">\n\t\t\t\t\t\t<div class=\"elementor-element elementor-element-0438eca elementor-widget elementor-widget-image\" data-id=\"0438eca\" data-element_type=\"widget\" data-widget_type=\"image.default\">\n\t\t\t\t<div class=\"elementor-widget-container\">\n\t\t\t\t\t\t\t\t\t\t\t\t\t\t\t\t<a href=\"https:\/\/www.cmbituruna.pr.gov.br\/1\/index.php\/2015\/08\/12\/funcoes-da-camara\/\">\n\t\t\t\t\t\t\t<img loading=\"lazy\" decoding=\"async\" width=\"185\" height=\"93\" src=\"https:\/\/www.cmbituruna.pr.gov.br\/1\/wp-content\/uploads\/2024\/04\/13-2.png\" class=\"attachment-large size-large wp-image-2079\" alt=\"\" data-wp-pid=\"2079\" \/>\t\t\t\t\t\t\t\t<\/a>\n\t\t\t\t\t\t\t\t\t\t\t\t\t\t\t<\/div>\n\t\t\t\t<\/div>\n\t\t\t\t\t<\/div>\n\t\t<\/div>\n\t\t\t\t\t<\/div>\n\t\t<\/section>\n\t\t\t\t<section class=\"elementor-section elementor-top-section elementor-element elementor-element-471578b elementor-section-boxed elementor-section-height-default elementor-section-height-default\" data-id=\"471578b\" data-element_type=\"section\">\n\t\t\t\t\t\t<div class=\"elementor-container elementor-column-gap-default\">\n\t\t\t\t\t<div class=\"elementor-column elementor-col-25 elementor-top-column elementor-element elementor-element-d132493\" data-id=\"d132493\" data-element_type=\"column\">\n\t\t\t<div class=\"elementor-widget-wrap elementor-element-populated\">\n\t\t\t\t\t\t<div class=\"elementor-element elementor-element-d570281 elementor-widget elementor-widget-image\" data-id=\"d570281\" data-element_type=\"widget\" data-widget_type=\"image.default\">\n\t\t\t\t<div class=\"elementor-widget-container\">\n\t\t\t\t\t\t\t\t\t\t\t\t\t\t\t\t<a href=\"https:\/\/www.youtube.com\/@camaradebituruna\/streams\" target=\"_blank\">\n\t\t\t\t\t\t\t<img loading=\"lazy\" decoding=\"async\" width=\"185\" height=\"93\" src=\"https:\/\/www.cmbituruna.pr.gov.br\/1\/wp-content\/uploads\/2024\/04\/555-5.png\" class=\"attachment-large size-large wp-image-2088\" alt=\"\" data-wp-pid=\"2088\" \/>\t\t\t\t\t\t\t\t<\/a>\n\t\t\t\t\t\t\t\t\t\t\t\t\t\t\t<\/div>\n\t\t\t\t<\/div>\n\t\t\t\t\t<\/div>\n\t\t<\/div>\n\t\t\t\t<div class=\"elementor-column elementor-col-25 elementor-top-column elementor-element elementor-element-961033f\" data-id=\"961033f\" data-element_type=\"column\">\n\t\t\t<div class=\"elementor-widget-wrap elementor-element-populated\">\n\t\t\t\t\t\t<div class=\"elementor-element elementor-element-8cbbf9c elementor-widget elementor-widget-image\" data-id=\"8cbbf9c\" data-element_type=\"widget\" data-widget_type=\"image.default\">\n\t\t\t\t<div class=\"elementor-widget-container\">\n\t\t\t\t\t\t\t\t\t\t\t\t\t\t\t\t<a href=\"https:\/\/www.facebook.com\/profile.php?id=61554502293147&#038;ref=embed_page\" target=\"_blank\">\n\t\t\t\t\t\t\t<img loading=\"lazy\" decoding=\"async\" width=\"185\" height=\"93\" src=\"https:\/\/www.cmbituruna.pr.gov.br\/1\/wp-content\/uploads\/2024\/04\/555-8.png\" class=\"attachment-large size-large wp-image-2090\" alt=\"\" data-wp-pid=\"2090\" \/>\t\t\t\t\t\t\t\t<\/a>\n\t\t\t\t\t\t\t\t\t\t\t\t\t\t\t<\/div>\n\t\t\t\t<\/div>\n\t\t\t\t\t<\/div>\n\t\t<\/div>\n\t\t\t\t<div class=\"elementor-column elementor-col-25 elementor-top-column elementor-element elementor-element-732c75f\" data-id=\"732c75f\" data-element_type=\"column\">\n\t\t\t<div class=\"elementor-widget-wrap elementor-element-populated\">\n\t\t\t\t\t\t<div class=\"elementor-element elementor-element-f536ab4 elementor-widget elementor-widget-image\" data-id=\"f536ab4\" data-element_type=\"widget\" data-widget_type=\"image.default\">\n\t\t\t\t<div class=\"elementor-widget-container\">\n\t\t\t\t\t\t\t\t\t\t\t\t\t\t\t\t<a href=\"https:\/\/www.cmbituruna.pr.gov.br\/1\/index.php\/2025\/01\/10\/vereadores\/\">\n\t\t\t\t\t\t\t<img loading=\"lazy\" decoding=\"async\" width=\"185\" height=\"93\" src=\"https:\/\/www.cmbituruna.pr.gov.br\/1\/wp-content\/uploads\/2024\/04\/555-7.png\" class=\"attachment-large size-large wp-image-2089\" alt=\"\" data-wp-pid=\"2089\" \/>\t\t\t\t\t\t\t\t<\/a>\n\t\t\t\t\t\t\t\t\t\t\t\t\t\t\t<\/div>\n\t\t\t\t<\/div>\n\t\t\t\t\t<\/div>\n\t\t<\/div>\n\t\t\t\t<div class=\"elementor-column elementor-col-25 elementor-top-column elementor-element elementor-element-46993dd\" data-id=\"46993dd\" data-element_type=\"column\">\n\t\t\t<div class=\"elementor-widget-wrap elementor-element-populated\">\n\t\t\t\t\t\t<div class=\"elementor-element elementor-element-e973e93 elementor-widget elementor-widget-image\" data-id=\"e973e93\" data-element_type=\"widget\" data-widget_type=\"image.default\">\n\t\t\t\t<div class=\"elementor-widget-container\">\n\t\t\t\t\t\t\t\t\t\t\t\t\t\t\t\t<a href=\"https:\/\/leismunicipais.com.br\/prefeitura\/pr\/bituruna\" target=\"_blank\">\n\t\t\t\t\t\t\t<img loading=\"lazy\" decoding=\"async\" width=\"185\" height=\"93\" src=\"https:\/\/www.cmbituruna.pr.gov.br\/1\/wp-content\/uploads\/2024\/04\/555-4.png\" class=\"attachment-large size-large wp-image-2091\" alt=\"\" data-wp-pid=\"2091\" \/>\t\t\t\t\t\t\t\t<\/a>\n\t\t\t\t\t\t\t\t\t\t\t\t\t\t\t<\/div>\n\t\t\t\t<\/div>\n\t\t\t\t\t<\/div>\n\t\t<\/div>\n\t\t\t\t\t<\/div>\n\t\t<\/section>\n\t\t\t\t<section class=\"elementor-section elementor-top-section elementor-element elementor-element-4b7b818 elementor-section-boxed elementor-section-height-default elementor-section-height-default\" data-id=\"4b7b818\" data-element_type=\"section\">\n\t\t\t\t\t\t<div class=\"elementor-container elementor-column-gap-default\">\n\t\t\t\t\t<div class=\"elementor-column elementor-col-25 elementor-top-column elementor-element elementor-element-5dc0762\" data-id=\"5dc0762\" data-element_type=\"column\">\n\t\t\t<div class=\"elementor-widget-wrap elementor-element-populated\">\n\t\t\t\t\t\t<div class=\"elementor-element elementor-element-0784971 elementor-widget elementor-widget-image\" data-id=\"0784971\" data-element_type=\"widget\" data-widget_type=\"image.default\">\n\t\t\t\t<div class=\"elementor-widget-container\">\n\t\t\t\t\t\t\t\t\t\t\t\t\t\t\t\t<a href=\"https:\/\/www.cmbituruna.pr.gov.br\/1\/index.php\/category\/comissoes\/\">\n\t\t\t\t\t\t\t<img loading=\"lazy\" decoding=\"async\" width=\"185\" height=\"93\" src=\"https:\/\/www.cmbituruna.pr.gov.br\/1\/wp-content\/uploads\/2024\/04\/555-3.png\" class=\"attachment-large size-large wp-image-2092\" alt=\"\" data-wp-pid=\"2092\" \/>\t\t\t\t\t\t\t\t<\/a>\n\t\t\t\t\t\t\t\t\t\t\t\t\t\t\t<\/div>\n\t\t\t\t<\/div>\n\t\t\t\t\t<\/div>\n\t\t<\/div>\n\t\t\t\t<div class=\"elementor-column elementor-col-25 elementor-top-column elementor-element elementor-element-9669cc0\" data-id=\"9669cc0\" data-element_type=\"column\">\n\t\t\t<div class=\"elementor-widget-wrap elementor-element-populated\">\n\t\t\t\t\t\t<div class=\"elementor-element elementor-element-d4703a0 elementor-widget elementor-widget-image\" data-id=\"d4703a0\" data-element_type=\"widget\" data-widget_type=\"image.default\">\n\t\t\t\t<div class=\"elementor-widget-container\">\n\t\t\t\t\t\t\t\t\t\t\t\t\t\t\t\t<a href=\"https:\/\/www.cmbituruna.pr.gov.br\/1\/index.php\/banco-de-ideias\/\">\n\t\t\t\t\t\t\t<img loading=\"lazy\" decoding=\"async\" width=\"185\" height=\"93\" src=\"https:\/\/www.cmbituruna.pr.gov.br\/1\/wp-content\/uploads\/2024\/04\/555-9-1.png\" class=\"attachment-large size-large wp-image-2094\" alt=\"\" data-wp-pid=\"2094\" \/>\t\t\t\t\t\t\t\t<\/a>\n\t\t\t\t\t\t\t\t\t\t\t\t\t\t\t<\/div>\n\t\t\t\t<\/div>\n\t\t\t\t\t<\/div>\n\t\t<\/div>\n\t\t\t\t<div class=\"elementor-column elementor-col-25 elementor-top-column elementor-element elementor-element-bd94de0\" data-id=\"bd94de0\" data-element_type=\"column\">\n\t\t\t<div class=\"elementor-widget-wrap elementor-element-populated\">\n\t\t\t\t\t\t<div class=\"elementor-element elementor-element-5b51cdc elementor-widget elementor-widget-image\" data-id=\"5b51cdc\" data-element_type=\"widget\" data-widget_type=\"image.default\">\n\t\t\t\t<div class=\"elementor-widget-container\">\n\t\t\t\t\t\t\t\t\t\t\t\t\t\t\t\t<a href=\"https:\/\/www.google.com\/maps\/place\/C%C3%A2mara+Municipal+de+Vereadores\/@-26.160665,-51.554766,13z\/data=!4m6!3m5!1s0x94e5c5656ea9d7fd:0x16478acdba386505!8m2!3d-26.1606655!4d-51.5547661!16s%2Fg%2F11t5kjff3n?hl=pt-BR&#038;entry=ttu\" target=\"_blank\">\n\t\t\t\t\t\t\t<img loading=\"lazy\" decoding=\"async\" width=\"185\" height=\"93\" src=\"https:\/\/www.cmbituruna.pr.gov.br\/1\/wp-content\/uploads\/2024\/04\/555-6.png\" class=\"attachment-large size-large wp-image-2095\" alt=\"\" data-wp-pid=\"2095\" \/>\t\t\t\t\t\t\t\t<\/a>\n\t\t\t\t\t\t\t\t\t\t\t\t\t\t\t<\/div>\n\t\t\t\t<\/div>\n\t\t\t\t\t<\/div>\n\t\t<\/div>\n\t\t\t\t<div class=\"elementor-column elementor-col-25 elementor-top-column elementor-element elementor-element-23c7814\" data-id=\"23c7814\" data-element_type=\"column\">\n\t\t\t<div class=\"elementor-widget-wrap elementor-element-populated\">\n\t\t\t\t\t\t<div class=\"elementor-element elementor-element-836c862 elementor-widget elementor-widget-image\" data-id=\"836c862\" data-element_type=\"widget\" data-widget_type=\"image.default\">\n\t\t\t\t<div class=\"elementor-widget-container\">\n\t\t\t\t\t\t\t\t\t\t\t\t\t\t\t\t<a href=\"https:\/\/www.cmbituruna.pr.gov.br\/1\/index.php\/perguntas-frequentes\/\">\n\t\t\t\t\t\t\t<img loading=\"lazy\" decoding=\"async\" width=\"185\" height=\"93\" src=\"https:\/\/www.cmbituruna.pr.gov.br\/1\/wp-content\/uploads\/2024\/04\/555-10.png\" class=\"attachment-large size-large wp-image-2096\" alt=\"\" data-wp-pid=\"2096\" \/>\t\t\t\t\t\t\t\t<\/a>\n\t\t\t\t\t\t\t\t\t\t\t\t\t\t\t<\/div>\n\t\t\t\t<\/div>\n\t\t\t\t\t<\/div>\n\t\t<\/div>\n\t\t\t\t\t<\/div>\n\t\t<\/section>\n\t\t\t\t<\/div>\n\t\t","protected":false},"excerpt":{"rendered":"<p>Conhe\u00e7a os servi\u00e7os que a C\u00e2mara Municpal de Bituruna oferece aos cidad\u00e3os A Carta de Servi\u00e7os aos Usu\u00e1rios \u00e9 uma determina\u00e7\u00e3o da\u00a0lei federal n\u00ba 13.460\/2017, que disp\u00f5e sobre participa\u00e7\u00e3o, prote\u00e7\u00e3o e defesa dos direitos do usu\u00e1rio dos servi\u00e7os oferecidos pela administra\u00e7\u00e3o p\u00fablica. No cumprimento desta legisla\u00e7\u00e3o, a C\u00e2mara de Bituruna informa que os aspectos de <a class=\"more-link\" href=\"https:\/\/www.cmbituruna.pr.gov.br\/1\/index.php\/carta-de-servicos-ao-usuario\/\">Leia mais&#8230; &raquo;<\/a><\/p>\n","protected":false},"author":2,"featured_media":0,"parent":0,"menu_order":0,"comment_status":"closed","ping_status":"closed","template":"","meta":{"_lmt_disableupdate":"","_lmt_disable":"","_monsterinsights_skip_tracking":false,"_monsterinsights_sitenote_active":false,"_monsterinsights_sitenote_note":"","_monsterinsights_sitenote_category":0,"footnotes":""},"class_list":["post-2074","page","type-page","status-publish","hentry"],"yoast_head":"<!-- This site is optimized with the Yoast SEO plugin v26.2 - https:\/\/yoast.com\/wordpress\/plugins\/seo\/ -->\n<title>Carta de Servi\u00e7os ao Usu\u00e1rio - C\u00e2mara Municipal de Bituruna<\/title>\n<meta name=\"robots\" content=\"index, follow, max-snippet:-1, max-image-preview:large, max-video-preview:-1\" \/>\n<link rel=\"canonical\" href=\"https:\/\/www.cmbituruna.pr.gov.br\/1\/index.php\/carta-de-servicos-ao-usuario\/\" \/>\n<script type=\"application\/ld+json\" class=\"yoast-schema-graph\">{\"@context\":\"https:\/\/schema.org\",\"@graph\":[{\"@type\":\"BreadcrumbList\",\"@id\":\"https:\/\/www.cmbituruna.pr.gov.br\/1\/index.php\/carta-de-servicos-ao-usuario\/#breadcrumb\",\"itemListElement\":[{\"@type\":\"ListItem\",\"position\":1,\"name\":\"In\u00edcio\",\"item\":\"https:\/\/www.cmbituruna.pr.gov.br\/1\/\"},{\"@type\":\"ListItem\",\"position\":2,\"name\":\"Carta de Servi\u00e7os ao Usu\u00e1rio\"}]}]}<\/script>\n<!-- \/ Yoast SEO plugin. -->","yoast_head_json":{"title":"Carta de Servi\u00e7os ao Usu\u00e1rio - C\u00e2mara Municipal de Bituruna","robots":{"index":"index","follow":"follow","max-snippet":"max-snippet:-1","max-image-preview":"max-image-preview:large","max-video-preview":"max-video-preview:-1"},"canonical":"https:\/\/www.cmbituruna.pr.gov.br\/1\/index.php\/carta-de-servicos-ao-usuario\/","schema":{"@context":"https:\/\/schema.org","@graph":[{"@type":"BreadcrumbList","@id":"https:\/\/www.cmbituruna.pr.gov.br\/1\/index.php\/carta-de-servicos-ao-usuario\/#breadcrumb","itemListElement":[{"@type":"ListItem","position":1,"name":"In\u00edcio","item":"https:\/\/www.cmbituruna.pr.gov.br\/1\/"},{"@type":"ListItem","position":2,"name":"Carta de Servi\u00e7os ao Usu\u00e1rio"}]}]}},"_links":{"self":[{"href":"https:\/\/www.cmbituruna.pr.gov.br\/1\/index.php\/wp-json\/wp\/v2\/pages\/2074","targetHints":{"allow":["GET"]}}],"collection":[{"href":"https:\/\/www.cmbituruna.pr.gov.br\/1\/index.php\/wp-json\/wp\/v2\/pages"}],"about":[{"href":"https:\/\/www.cmbituruna.pr.gov.br\/1\/index.php\/wp-json\/wp\/v2\/types\/page"}],"author":[{"embeddable":true,"href":"https:\/\/www.cmbituruna.pr.gov.br\/1\/index.php\/wp-json\/wp\/v2\/users\/2"}],"replies":[{"embeddable":true,"href":"https:\/\/www.cmbituruna.pr.gov.br\/1\/index.php\/wp-json\/wp\/v2\/comments?post=2074"}],"version-history":[{"count":54,"href":"https:\/\/www.cmbituruna.pr.gov.br\/1\/index.php\/wp-json\/wp\/v2\/pages\/2074\/revisions"}],"predecessor-version":[{"id":3651,"href":"https:\/\/www.cmbituruna.pr.gov.br\/1\/index.php\/wp-json\/wp\/v2\/pages\/2074\/revisions\/3651"}],"wp:attachment":[{"href":"https:\/\/www.cmbituruna.pr.gov.br\/1\/index.php\/wp-json\/wp\/v2\/media?parent=2074"}],"curies":[{"name":"wp","href":"https:\/\/api.w.org\/{rel}","templated":true}]}}