{"id":379,"date":"2017-10-11T11:51:49","date_gmt":"2017-10-11T14:51:49","guid":{"rendered":"http:\/\/www.cmbituruna.pr.gov.br\/1\/?page_id=379"},"modified":"2022-08-09T17:26:01","modified_gmt":"2022-08-09T20:26:01","slug":"solicitar-arquivos-de-licitacao","status":"publish","type":"page","link":"https:\/\/www.cmbituruna.pr.gov.br\/1\/index.php\/solicitar-arquivos-de-licitacao\/","title":{"rendered":"Solicitar arquivos de Licita\u00e7\u00e3o"},"content":{"rendered":"<p>Solicita\u00e7\u00e3o de Arquivo Licita\u00e7\u00e3o<\/p>\n<p>Preencha todos os campos abaixo para receber arquivos:<\/p>\n<div class=\"wpforms-container wpforms-container-full\" id=\"wpforms-990\"><form id=\"wpforms-form-990\" class=\"wpforms-validate wpforms-form\" data-formid=\"990\" method=\"post\" enctype=\"multipart\/form-data\" action=\"\/1\/index.php\/wp-json\/wp\/v2\/pages\/379\" data-token=\"d909627e84b3109916bde59a223dd0f8\" data-token-time=\"1776372125\"><noscript class=\"wpforms-error-noscript\">Ative o JavaScript no seu navegador para preencher este formul\u00e1rio.<\/noscript><div class=\"wpforms-field-container\"><div id=\"wpforms-990-field_0-container\" class=\"wpforms-field wpforms-field-name\" data-field-id=\"0\"><label class=\"wpforms-field-label\" for=\"wpforms-990-field_0\">Nome <span class=\"wpforms-required-label\">*<\/span><\/label><input type=\"text\" id=\"wpforms-990-field_0\" class=\"wpforms-field-medium wpforms-field-required\" name=\"wpforms[fields][0]\" required><\/div><div id=\"wpforms-990-field_3-container\" class=\"wpforms-field wpforms-field-text\" data-field-id=\"3\"><label class=\"wpforms-field-label\" for=\"wpforms-990-field_3\">Empresa <span class=\"wpforms-required-label\">*<\/span><\/label><input type=\"text\" id=\"wpforms-990-field_3\" class=\"wpforms-field-medium wpforms-field-required\" name=\"wpforms[fields][3]\" required><\/div><div id=\"wpforms-990-field_1-container\" class=\"wpforms-field wpforms-field-email\" data-field-id=\"1\"><label class=\"wpforms-field-label\" for=\"wpforms-990-field_1\">E-mail <span class=\"wpforms-required-label\">*<\/span><\/label><input type=\"email\" id=\"wpforms-990-field_1\" class=\"wpforms-field-medium wpforms-field-required\" name=\"wpforms[fields][1]\" spellcheck=\"false\" required><\/div><div id=\"wpforms-990-field_5-container\" class=\"wpforms-field wpforms-field-text\" data-field-id=\"5\"><label class=\"wpforms-field-label\" for=\"wpforms-990-field_5\">Telefone <span class=\"wpforms-required-label\">*<\/span><\/label><input type=\"text\" id=\"wpforms-990-field_5\" class=\"wpforms-field-medium wpforms-field-required\" name=\"wpforms[fields][5]\" placeholder=\"(DDD) 00000-0000\" required><\/div><div id=\"wpforms-990-field_2-container\" class=\"wpforms-field wpforms-field-textarea\" data-field-id=\"2\"><label class=\"wpforms-field-label\" for=\"wpforms-990-field_2\">Mensagem: <span class=\"wpforms-required-label\">*<\/span><\/label><textarea id=\"wpforms-990-field_2\" class=\"wpforms-field-medium wpforms-field-required\" name=\"wpforms[fields][2]\" required><\/textarea><\/div><\/div><!-- .wpforms-field-container --><div class=\"wpforms-recaptcha-container wpforms-is-recaptcha wpforms-is-recaptcha-type-v2\" ><div class=\"g-recaptcha\" data-sitekey=\"6Lego0kbAAAAAJ_Fya7bJgpAMwLlT2lgpu2qu6VP\"><\/div><input type=\"text\" name=\"g-recaptcha-hidden\" class=\"wpforms-recaptcha-hidden\" style=\"position:absolute!important;clip:rect(0,0,0,0)!important;height:1px!important;width:1px!important;border:0!important;overflow:hidden!important;padding:0!important;margin:0!important;\" data-rule-recaptcha=\"1\"><\/div><div class=\"wpforms-submit-container\" ><input type=\"hidden\" name=\"wpforms[id]\" value=\"990\"><input type=\"hidden\" name=\"page_title\" value=\"\"><input type=\"hidden\" name=\"page_url\" value=\"https:\/\/www.cmbituruna.pr.gov.br\/1\/index.php\/wp-json\/wp\/v2\/pages\/379\"><button type=\"submit\" name=\"wpforms[submit]\" id=\"wpforms-submit-990\" class=\"wpforms-submit\" data-alt-text=\"Enviando...\" data-submit-text=\"Enviar\" aria-live=\"assertive\" value=\"wpforms-submit\">Enviar<\/button><\/div><\/form><\/div>  <!-- .wpforms-container -->\n<p>&nbsp;<\/p>\n","protected":false},"excerpt":{"rendered":"<p>Solicita\u00e7\u00e3o de Arquivo Licita\u00e7\u00e3o Preencha todos os campos abaixo para receber arquivos: &nbsp;<\/p>\n","protected":false},"author":2,"featured_media":0,"parent":0,"menu_order":0,"comment_status":"closed","ping_status":"closed","template":"","meta":{"_lmt_disableupdate":"yes","_lmt_disable":"","_monsterinsights_skip_tracking":false,"_monsterinsights_sitenote_active":false,"_monsterinsights_sitenote_note":"","_monsterinsights_sitenote_category":0,"footnotes":""},"class_list":["post-379","page","type-page","status-publish","hentry"],"yoast_head":"<!-- This site is optimized with the Yoast SEO plugin v26.2 - https:\/\/yoast.com\/wordpress\/plugins\/seo\/ -->\n<title>Solicitar arquivos de Licita\u00e7\u00e3o - C\u00e2mara Municipal de Bituruna<\/title>\n<meta name=\"robots\" content=\"index, follow, max-snippet:-1, max-image-preview:large, max-video-preview:-1\" \/>\n<link rel=\"canonical\" href=\"https:\/\/www.cmbituruna.pr.gov.br\/1\/index.php\/solicitar-arquivos-de-licitacao\/\" \/>\n<script type=\"application\/ld+json\" class=\"yoast-schema-graph\">{\"@context\":\"https:\/\/schema.org\",\"@graph\":[{\"@type\":\"BreadcrumbList\",\"@id\":\"https:\/\/www.cmbituruna.pr.gov.br\/1\/index.php\/solicitar-arquivos-de-licitacao\/#breadcrumb\",\"itemListElement\":[{\"@type\":\"ListItem\",\"position\":1,\"name\":\"In\u00edcio\",\"item\":\"https:\/\/www.cmbituruna.pr.gov.br\/1\/\"},{\"@type\":\"ListItem\",\"position\":2,\"name\":\"Solicitar arquivos de Licita\u00e7\u00e3o\"}]}]}<\/script>\n<!-- \/ Yoast SEO plugin. -->","yoast_head_json":{"title":"Solicitar arquivos de Licita\u00e7\u00e3o - C\u00e2mara Municipal de Bituruna","robots":{"index":"index","follow":"follow","max-snippet":"max-snippet:-1","max-image-preview":"max-image-preview:large","max-video-preview":"max-video-preview:-1"},"canonical":"https:\/\/www.cmbituruna.pr.gov.br\/1\/index.php\/solicitar-arquivos-de-licitacao\/","schema":{"@context":"https:\/\/schema.org","@graph":[{"@type":"BreadcrumbList","@id":"https:\/\/www.cmbituruna.pr.gov.br\/1\/index.php\/solicitar-arquivos-de-licitacao\/#breadcrumb","itemListElement":[{"@type":"ListItem","position":1,"name":"In\u00edcio","item":"https:\/\/www.cmbituruna.pr.gov.br\/1\/"},{"@type":"ListItem","position":2,"name":"Solicitar arquivos de Licita\u00e7\u00e3o"}]}]}},"_links":{"self":[{"href":"https:\/\/www.cmbituruna.pr.gov.br\/1\/index.php\/wp-json\/wp\/v2\/pages\/379","targetHints":{"allow":["GET"]}}],"collection":[{"href":"https:\/\/www.cmbituruna.pr.gov.br\/1\/index.php\/wp-json\/wp\/v2\/pages"}],"about":[{"href":"https:\/\/www.cmbituruna.pr.gov.br\/1\/index.php\/wp-json\/wp\/v2\/types\/page"}],"author":[{"embeddable":true,"href":"https:\/\/www.cmbituruna.pr.gov.br\/1\/index.php\/wp-json\/wp\/v2\/users\/2"}],"replies":[{"embeddable":true,"href":"https:\/\/www.cmbituruna.pr.gov.br\/1\/index.php\/wp-json\/wp\/v2\/comments?post=379"}],"version-history":[{"count":3,"href":"https:\/\/www.cmbituruna.pr.gov.br\/1\/index.php\/wp-json\/wp\/v2\/pages\/379\/revisions"}],"predecessor-version":[{"id":992,"href":"https:\/\/www.cmbituruna.pr.gov.br\/1\/index.php\/wp-json\/wp\/v2\/pages\/379\/revisions\/992"}],"wp:attachment":[{"href":"https:\/\/www.cmbituruna.pr.gov.br\/1\/index.php\/wp-json\/wp\/v2\/media?parent=379"}],"curies":[{"name":"wp","href":"https:\/\/api.w.org\/{rel}","templated":true}]}}