{"id":47,"date":"2015-08-10T12:50:52","date_gmt":"2015-08-10T12:50:52","guid":{"rendered":"http:\/\/www.cmbituruna.pr.gov.br\/1\/?page_id=47"},"modified":"2023-05-25T09:00:41","modified_gmt":"2023-05-25T12:00:41","slug":"pedido-de-informacoes","status":"publish","type":"page","link":"https:\/\/www.cmbituruna.pr.gov.br\/1\/index.php\/pedido-de-informacoes\/","title":{"rendered":"Servi\u00e7o de Informa\u00e7\u00e3o ao Cidad\u00e3o (SIC)"},"content":{"rendered":"\t\t<div data-elementor-type=\"wp-page\" data-elementor-id=\"47\" class=\"elementor elementor-47\" data-elementor-post-type=\"page\">\n\t\t\t\t\t\t<section class=\"elementor-section elementor-top-section elementor-element elementor-element-484ea3bf elementor-section-content-middle elementor-section-boxed elementor-section-height-default elementor-section-height-default\" data-id=\"484ea3bf\" data-element_type=\"section\">\n\t\t\t\t\t\t<div class=\"elementor-container elementor-column-gap-no\">\n\t\t\t\t\t<div class=\"elementor-column elementor-col-100 elementor-top-column elementor-element elementor-element-348e522a\" data-id=\"348e522a\" data-element_type=\"column\">\n\t\t\t<div class=\"elementor-widget-wrap elementor-element-populated\">\n\t\t\t\t\t\t<section class=\"elementor-section elementor-inner-section elementor-element elementor-element-1980e68 elementor-section-content-middle elementor-section-boxed elementor-section-height-default elementor-section-height-default\" data-id=\"1980e68\" data-element_type=\"section\">\n\t\t\t\t\t\t<div class=\"elementor-container elementor-column-gap-default\">\n\t\t\t\t\t<div class=\"elementor-column elementor-col-33 elementor-inner-column elementor-element elementor-element-31f64ddc\" data-id=\"31f64ddc\" data-element_type=\"column\">\n\t\t\t<div class=\"elementor-widget-wrap elementor-element-populated\">\n\t\t\t\t\t\t<div class=\"elementor-element elementor-element-4f20cd2 elementor-widget elementor-widget-image\" data-id=\"4f20cd2\" data-element_type=\"widget\" data-widget_type=\"image.default\">\n\t\t\t\t<div class=\"elementor-widget-container\">\n\t\t\t\t\t\t\t\t\t\t\t\t\t\t\t\t<a href=\"https:\/\/www.cmbituruna.pr.gov.br\/1\/index.php\/pedido-de-informacoes\/#:~:text=Formul%C3%A1rio%20de%20Solicita%C3%A7%C3%A3o%20de%20Informa%C3%A7%C3%A3o%3A\">\n\t\t\t\t\t\t\t<img decoding=\"async\" width=\"250\" height=\"67\" src=\"https:\/\/www.cmbituruna.pr.gov.br\/1\/wp-content\/uploads\/2024\/04\/1.png\" class=\"attachment-large size-large wp-image-2007\" alt=\"\" data-wp-pid=\"2007\" \/>\t\t\t\t\t\t\t\t<\/a>\n\t\t\t\t\t\t\t\t\t\t\t\t\t\t\t<\/div>\n\t\t\t\t<\/div>\n\t\t\t\t\t<\/div>\n\t\t<\/div>\n\t\t\t\t<div class=\"elementor-column elementor-col-33 elementor-inner-column elementor-element elementor-element-734db965\" data-id=\"734db965\" data-element_type=\"column\">\n\t\t\t<div class=\"elementor-widget-wrap elementor-element-populated\">\n\t\t\t\t\t\t<div class=\"elementor-element elementor-element-d82df8b elementor-widget elementor-widget-image\" data-id=\"d82df8b\" data-element_type=\"widget\" data-widget_type=\"image.default\">\n\t\t\t\t<div class=\"elementor-widget-container\">\n\t\t\t\t\t\t\t\t\t\t\t\t\t\t\t\t<a href=\"https:\/\/www.cmbituruna.pr.gov.br\/1\/index.php\/elementor-2035\/\">\n\t\t\t\t\t\t\t<img decoding=\"async\" src=\"https:\/\/www.cmbituruna.pr.gov.br\/1\/wp-content\/uploads\/2024\/04\/2.png\" title=\"\" alt=\"\" loading=\"lazy\" \/>\t\t\t\t\t\t\t\t<\/a>\n\t\t\t\t\t\t\t\t\t\t\t\t\t\t\t<\/div>\n\t\t\t\t<\/div>\n\t\t\t\t\t<\/div>\n\t\t<\/div>\n\t\t\t\t<div class=\"elementor-column elementor-col-33 elementor-inner-column elementor-element elementor-element-2210f638\" data-id=\"2210f638\" data-element_type=\"column\">\n\t\t\t<div class=\"elementor-widget-wrap elementor-element-populated\">\n\t\t\t\t\t\t<div class=\"elementor-element elementor-element-d5298d4 elementor-widget elementor-widget-image\" data-id=\"d5298d4\" data-element_type=\"widget\" data-widget_type=\"image.default\">\n\t\t\t\t<div class=\"elementor-widget-container\">\n\t\t\t\t\t\t\t\t\t\t\t\t\t\t\t\t<a href=\"https:\/\/docs.google.com\/spreadsheets\/d\/1NH8bYLZLvQrRwTUzJsgkIDbnIncTKPKCQKhgqBdS7SI\/edit?usp=sharing\" target=\"_blank\">\n\t\t\t\t\t\t\t<img decoding=\"async\" src=\"https:\/\/www.cmbituruna.pr.gov.br\/1\/wp-content\/uploads\/2024\/04\/3.png\" title=\"\" alt=\"\" loading=\"lazy\" \/>\t\t\t\t\t\t\t\t<\/a>\n\t\t\t\t\t\t\t\t\t\t\t\t\t\t\t<\/div>\n\t\t\t\t<\/div>\n\t\t\t\t\t<\/div>\n\t\t<\/div>\n\t\t\t\t\t<\/div>\n\t\t<\/section>\n\t\t\t\t<section class=\"elementor-section elementor-inner-section elementor-element elementor-element-cac83d3 elementor-section-content-middle elementor-section-boxed elementor-section-height-default elementor-section-height-default\" data-id=\"cac83d3\" data-element_type=\"section\">\n\t\t\t\t\t\t<div class=\"elementor-container elementor-column-gap-default\">\n\t\t\t\t\t<div class=\"elementor-column elementor-col-33 elementor-inner-column elementor-element elementor-element-174665e\" data-id=\"174665e\" data-element_type=\"column\">\n\t\t\t<div class=\"elementor-widget-wrap elementor-element-populated\">\n\t\t\t\t\t\t<div class=\"elementor-element elementor-element-e039127 elementor-widget elementor-widget-image\" data-id=\"e039127\" data-element_type=\"widget\" data-widget_type=\"image.default\">\n\t\t\t\t<div class=\"elementor-widget-container\">\n\t\t\t\t\t\t\t\t\t\t\t\t\t\t\t\t<a href=\"https:\/\/www.cmbituruna.pr.gov.br\/1\/index.php\/acessibilidade\/\">\n\t\t\t\t\t\t\t<img decoding=\"async\" src=\"https:\/\/www.cmbituruna.pr.gov.br\/1\/wp-content\/uploads\/2024\/04\/5.png\" title=\"\" alt=\"\" loading=\"lazy\" \/>\t\t\t\t\t\t\t\t<\/a>\n\t\t\t\t\t\t\t\t\t\t\t\t\t\t\t<\/div>\n\t\t\t\t<\/div>\n\t\t\t\t\t<\/div>\n\t\t<\/div>\n\t\t\t\t<div class=\"elementor-column elementor-col-33 elementor-inner-column elementor-element elementor-element-30bea78\" data-id=\"30bea78\" data-element_type=\"column\">\n\t\t\t<div class=\"elementor-widget-wrap elementor-element-populated\">\n\t\t\t\t\t\t<div class=\"elementor-element elementor-element-ed1c687 elementor-widget elementor-widget-image\" data-id=\"ed1c687\" data-element_type=\"widget\" data-widget_type=\"image.default\">\n\t\t\t\t<div class=\"elementor-widget-container\">\n\t\t\t\t\t\t\t\t\t\t\t\t\t\t\t\t<a href=\"https:\/\/www.cmbituruna.pr.gov.br\/1\/index.php\/lei-federal-de-acesso-a-informacao-lei-n-12-527-de-18-de-novembro-de-2011\/\">\n\t\t\t\t\t\t\t<img decoding=\"async\" src=\"https:\/\/www.cmbituruna.pr.gov.br\/1\/wp-content\/uploads\/2024\/04\/6.png\" title=\"\" alt=\"\" loading=\"lazy\" \/>\t\t\t\t\t\t\t\t<\/a>\n\t\t\t\t\t\t\t\t\t\t\t\t\t\t\t<\/div>\n\t\t\t\t<\/div>\n\t\t\t\t\t<\/div>\n\t\t<\/div>\n\t\t\t\t<div class=\"elementor-column elementor-col-33 elementor-inner-column elementor-element elementor-element-2fb475e\" data-id=\"2fb475e\" data-element_type=\"column\">\n\t\t\t<div class=\"elementor-widget-wrap elementor-element-populated\">\n\t\t\t\t\t\t<div class=\"elementor-element elementor-element-78f3237 elementor-widget elementor-widget-image\" data-id=\"78f3237\" data-element_type=\"widget\" data-widget_type=\"image.default\">\n\t\t\t\t<div class=\"elementor-widget-container\">\n\t\t\t\t\t\t\t\t\t\t\t\t\t\t\t\t<a href=\"https:\/\/www.cmbituruna.pr.gov.br\/1\/index.php\/perguntas-frequentes\/\">\n\t\t\t\t\t\t\t<img decoding=\"async\" src=\"https:\/\/www.cmbituruna.pr.gov.br\/1\/wp-content\/uploads\/2024\/04\/4.png\" title=\"\" alt=\"\" loading=\"lazy\" \/>\t\t\t\t\t\t\t\t<\/a>\n\t\t\t\t\t\t\t\t\t\t\t\t\t\t\t<\/div>\n\t\t\t\t<\/div>\n\t\t\t\t\t<\/div>\n\t\t<\/div>\n\t\t\t\t\t<\/div>\n\t\t<\/section>\n\t\t\t\t\t<\/div>\n\t\t<\/div>\n\t\t\t\t\t<\/div>\n\t\t<\/section>\n\t\t\t\t<section class=\"elementor-section elementor-top-section elementor-element elementor-element-4f88ff7f elementor-section-boxed elementor-section-height-default elementor-section-height-default\" data-id=\"4f88ff7f\" data-element_type=\"section\">\n\t\t\t\t\t\t<div class=\"elementor-container elementor-column-gap-default\">\n\t\t\t\t\t<div class=\"elementor-column elementor-col-100 elementor-top-column elementor-element elementor-element-673419d0\" data-id=\"673419d0\" data-element_type=\"column\">\n\t\t\t<div class=\"elementor-widget-wrap elementor-element-populated\">\n\t\t\t\t\t\t<div class=\"elementor-element elementor-element-5db888 elementor-widget__width-initial elementor-widget elementor-widget-text-editor\" data-id=\"5db888\" data-element_type=\"widget\" data-widget_type=\"text-editor.default\">\n\t\t\t\t<div class=\"elementor-widget-container\">\n\t\t\t\t\t\t\t\t\t<p>\u00a0<\/p><p><strong>C\u00c2MARA MUNICIPAL DE BITURUNA<\/strong><\/p><p>\u00a0<\/p><p>Voc\u00ea tem alguma d\u00favida em rela\u00e7\u00e3o ao trabalho da C\u00e2mara Municipal de Bituruna-PR e n\u00e3o encontrou a resposta no nosso site nem em nosso Portal da Transpar\u00eancia? Ent\u00e3o voc\u00ea pode abrir um pedido no Servi\u00e7o de Informa\u00e7\u00e3o ao Cidad\u00e3o (SIC) &#8211; Prazo m\u00e1ximo para resposta 48h (quarenta e oito horas).<\/p><p>\u00a0<\/p><p>Esse servi\u00e7o \u00e9 exclusivo para a solicita\u00e7\u00e3o de informa\u00e7\u00f5es com base na Lei de Acesso \u00e0 Informa\u00e7\u00e3o.<\/p><p>\u00a0<\/p><p><strong>Formul\u00e1rio de Solicita\u00e7\u00e3o de Informa\u00e7\u00e3o:<\/strong><\/p><p><div class=\"wpforms-container wpforms-container-full\" id=\"wpforms-987\"><form id=\"wpforms-form-987\" class=\"wpforms-validate wpforms-form\" data-formid=\"987\" method=\"post\" enctype=\"multipart\/form-data\" action=\"\/1\/index.php\/wp-json\/wp\/v2\/pages\/47\" data-token=\"59441511cfe9b8a61513882cba7c6fde\" data-token-time=\"1776372160\"><noscript class=\"wpforms-error-noscript\">Ative o JavaScript no seu navegador para preencher este formul\u00e1rio.<\/noscript><div class=\"wpforms-field-container\"><div id=\"wpforms-987-field_0-container\" class=\"wpforms-field wpforms-field-name\" data-field-id=\"0\"><label class=\"wpforms-field-label\">Nome  <span class=\"wpforms-required-label\">*<\/span><\/label><div class=\"wpforms-field-row wpforms-field-large\"><div class=\"wpforms-field-row-block wpforms-first wpforms-one-half\"><input type=\"text\" id=\"wpforms-987-field_0\" class=\"wpforms-field-name-first wpforms-field-required\" name=\"wpforms[fields][0][first]\" required><label for=\"wpforms-987-field_0\" class=\"wpforms-field-sublabel after\">Nome<\/label><\/div><div class=\"wpforms-field-row-block wpforms-one-half\"><input type=\"text\" id=\"wpforms-987-field_0-last\" class=\"wpforms-field-name-last wpforms-field-required\" name=\"wpforms[fields][0][last]\" required><label for=\"wpforms-987-field_0-last\" class=\"wpforms-field-sublabel after\">Sobrenome<\/label><\/div><\/div><\/div><div id=\"wpforms-987-field_7-container\" class=\"wpforms-field wpforms-field-number\" data-field-id=\"7\"><label class=\"wpforms-field-label\" for=\"wpforms-987-field_7\">CPF <span class=\"wpforms-required-label\">*<\/span><\/label><input type=\"number\" id=\"wpforms-987-field_7\" class=\"wpforms-field-medium wpforms-field-required\" name=\"wpforms[fields][7]\" required><\/div><div id=\"wpforms-987-field_8-container\" class=\"wpforms-field wpforms-field-textarea\" data-field-id=\"8\"><label class=\"wpforms-field-label\" for=\"wpforms-987-field_8\">Endere\u00e7o<\/label><textarea id=\"wpforms-987-field_8\" class=\"wpforms-field-medium\" name=\"wpforms[fields][8]\" ><\/textarea><\/div><div id=\"wpforms-987-field_1-container\" class=\"wpforms-field wpforms-field-email\" data-field-id=\"1\"><label class=\"wpforms-field-label\" for=\"wpforms-987-field_1\">E-mail <span class=\"wpforms-required-label\">*<\/span><\/label><input type=\"email\" id=\"wpforms-987-field_1\" class=\"wpforms-field-medium wpforms-field-required\" name=\"wpforms[fields][1]\" spellcheck=\"false\" required><\/div><div id=\"wpforms-987-field_2-container\" class=\"wpforms-field wpforms-field-textarea\" data-field-id=\"2\"><label class=\"wpforms-field-label\" for=\"wpforms-987-field_2\">Escreva detalhadamente sua solicita\u00e7\u00e3o aqui: <span class=\"wpforms-required-label\">*<\/span><\/label><textarea id=\"wpforms-987-field_2\" class=\"wpforms-field-medium wpforms-field-required\" name=\"wpforms[fields][2]\" required><\/textarea><\/div><\/div><!-- .wpforms-field-container --><div class=\"wpforms-recaptcha-container wpforms-is-recaptcha wpforms-is-recaptcha-type-v2\" ><div class=\"g-recaptcha\" data-sitekey=\"6Lego0kbAAAAAJ_Fya7bJgpAMwLlT2lgpu2qu6VP\"><\/div><input type=\"text\" name=\"g-recaptcha-hidden\" class=\"wpforms-recaptcha-hidden\" style=\"position:absolute!important;clip:rect(0,0,0,0)!important;height:1px!important;width:1px!important;border:0!important;overflow:hidden!important;padding:0!important;margin:0!important;\" data-rule-recaptcha=\"1\"><\/div><div class=\"wpforms-submit-container\" ><input type=\"hidden\" name=\"wpforms[id]\" value=\"987\"><input type=\"hidden\" name=\"page_title\" value=\"\"><input type=\"hidden\" name=\"page_url\" value=\"https:\/\/www.cmbituruna.pr.gov.br\/1\/index.php\/wp-json\/wp\/v2\/pages\/47\"><button type=\"submit\" name=\"wpforms[submit]\" id=\"wpforms-submit-987\" class=\"wpforms-submit\" data-alt-text=\"Enviando...\" data-submit-text=\"Enviar\" aria-live=\"assertive\" value=\"wpforms-submit\">Enviar<\/button><\/div><\/form><\/div>  <!-- .wpforms-container --><\/p><p>\u00a0<\/p><p><strong>OUTRAS FORMAS DE ACESSO<\/strong><\/p><p>\u00a0<\/p><p><strong>Atendimento presencial:<\/strong> Dirija-se a C\u00e2mara Municipal de Bituruna, no endere\u00e7o, Av. Dr. Oscar Geyer, N\u00famero 639, Centro. Solicite o atendimento do Servi\u00e7o de Informa\u00e7\u00e3o ao Cidad\u00e3o (SIC) na secretaria.<\/p><p>\u00a0<\/p><p><strong>E-mail para informa\u00e7\u00f5es adicionais: <\/strong>cmbituruna@cmbituruna.pr.gov.br<\/p><p>\u00a0<\/p><p><strong>Correspond\u00eancia:<\/strong> Envie sua correspond\u00eancia endere\u00e7ada \u00e0 C\u00e2mara Municipal de Bituruna &#8211; Servi\u00e7o de Informa\u00e7\u00e3o ao Cidad\u00e3o. O CEP de envio \u00e9 o 84.640-000.<\/p><p>\u00a0<\/p><p><strong>Telefone<\/strong> &#8211; O telefone para atendimento \u00e9 o (42) 3553 1566<\/p><p>\u00a0<\/p><p><strong>Expediente:<\/strong> O hor\u00e1rio de expediente da C\u00e2mara de Bituruna \u00e9 das 8h \u00e0s 12h e das 13h \u00e0s 17h, de segunda a sexta-feira.<\/p><p>\u00a0<\/p><p><strong>Documentos classificados:<\/strong> A C\u00e2mara Municipal de Bituruna n\u00e3o possui, neste momento, nenhum documento classificado como sigiloso. Nos \u00faltimos 12 meses, tamb\u00e9m n\u00e3o h\u00e1 registro de declara\u00e7\u00e3o de sigilo a documentos da institui\u00e7\u00e3o. A C\u00e2mara Municipal de Bituruna disponibiliza as informa\u00e7\u00f5es solicitadas pelos cidad\u00e3os nos termos da Lei de Acesso \u00e0 Informa\u00e7\u00e3o (Lei federal 12.527\/2011).<\/p><p>\u00a0<\/p><p><strong style=\"font-family: Roboto, sans-serif; font-size: 16px; font-style: normal;\">Informa\u00e7\u00f5es desclassificadas:<\/strong><span style=\"font-family: Roboto, sans-serif; font-size: 16px; font-style: normal; font-weight: 400;\">\u00a0A C\u00e2mara Municipal de Bituruna n\u00e3o possui, neste momento, informa\u00e7\u00f5es que tenha sido desclassificadas.\u00a0<\/span><\/p><p>\u00a0<\/p>\t\t\t\t\t\t\t\t<\/div>\n\t\t\t\t<\/div>\n\t\t\t\t\t<\/div>\n\t\t<\/div>\n\t\t\t\t\t<\/div>\n\t\t<\/section>\n\t\t\t\t<\/div>\n\t\t","protected":false},"excerpt":{"rendered":"<p>\u00a0 C\u00c2MARA MUNICIPAL DE BITURUNA \u00a0 Voc\u00ea tem alguma d\u00favida em rela\u00e7\u00e3o ao trabalho da C\u00e2mara Municipal de Bituruna-PR e n\u00e3o encontrou a resposta no nosso site nem em nosso Portal da Transpar\u00eancia? Ent\u00e3o voc\u00ea pode abrir um pedido no Servi\u00e7o de Informa\u00e7\u00e3o ao Cidad\u00e3o (SIC) &#8211; Prazo m\u00e1ximo para resposta 48h (quarenta e oito <a class=\"more-link\" href=\"https:\/\/www.cmbituruna.pr.gov.br\/1\/index.php\/pedido-de-informacoes\/\">Leia mais&#8230; &raquo;<\/a><\/p>\n","protected":false},"author":1,"featured_media":0,"parent":0,"menu_order":0,"comment_status":"closed","ping_status":"closed","template":"","meta":{"_lmt_disableupdate":"yes","_lmt_disable":"","_monsterinsights_skip_tracking":false,"_monsterinsights_sitenote_active":false,"_monsterinsights_sitenote_note":"","_monsterinsights_sitenote_category":0,"footnotes":""},"class_list":["post-47","page","type-page","status-publish","hentry"],"yoast_head":"<!-- This site is optimized with the Yoast SEO plugin v26.2 - https:\/\/yoast.com\/wordpress\/plugins\/seo\/ -->\n<title>Servi\u00e7o de Informa\u00e7\u00e3o ao Cidad\u00e3o (SIC) - C\u00e2mara Municipal de Bituruna<\/title>\n<meta name=\"robots\" content=\"index, follow, max-snippet:-1, max-image-preview:large, max-video-preview:-1\" \/>\n<link rel=\"canonical\" href=\"https:\/\/www.cmbituruna.pr.gov.br\/1\/index.php\/pedido-de-informacoes\/\" \/>\n<script type=\"application\/ld+json\" class=\"yoast-schema-graph\">{\"@context\":\"https:\/\/schema.org\",\"@graph\":[{\"@type\":\"BreadcrumbList\",\"@id\":\"https:\/\/www.cmbituruna.pr.gov.br\/1\/index.php\/pedido-de-informacoes\/#breadcrumb\",\"itemListElement\":[{\"@type\":\"ListItem\",\"position\":1,\"name\":\"In\u00edcio\",\"item\":\"https:\/\/www.cmbituruna.pr.gov.br\/1\/\"},{\"@type\":\"ListItem\",\"position\":2,\"name\":\"Servi\u00e7o de Informa\u00e7\u00e3o ao Cidad\u00e3o (SIC)\"}]}]}<\/script>\n<!-- \/ Yoast SEO plugin. -->","yoast_head_json":{"title":"Servi\u00e7o de Informa\u00e7\u00e3o ao Cidad\u00e3o (SIC) - C\u00e2mara Municipal de Bituruna","robots":{"index":"index","follow":"follow","max-snippet":"max-snippet:-1","max-image-preview":"max-image-preview:large","max-video-preview":"max-video-preview:-1"},"canonical":"https:\/\/www.cmbituruna.pr.gov.br\/1\/index.php\/pedido-de-informacoes\/","schema":{"@context":"https:\/\/schema.org","@graph":[{"@type":"BreadcrumbList","@id":"https:\/\/www.cmbituruna.pr.gov.br\/1\/index.php\/pedido-de-informacoes\/#breadcrumb","itemListElement":[{"@type":"ListItem","position":1,"name":"In\u00edcio","item":"https:\/\/www.cmbituruna.pr.gov.br\/1\/"},{"@type":"ListItem","position":2,"name":"Servi\u00e7o de Informa\u00e7\u00e3o ao Cidad\u00e3o (SIC)"}]}]}},"_links":{"self":[{"href":"https:\/\/www.cmbituruna.pr.gov.br\/1\/index.php\/wp-json\/wp\/v2\/pages\/47","targetHints":{"allow":["GET"]}}],"collection":[{"href":"https:\/\/www.cmbituruna.pr.gov.br\/1\/index.php\/wp-json\/wp\/v2\/pages"}],"about":[{"href":"https:\/\/www.cmbituruna.pr.gov.br\/1\/index.php\/wp-json\/wp\/v2\/types\/page"}],"author":[{"embeddable":true,"href":"https:\/\/www.cmbituruna.pr.gov.br\/1\/index.php\/wp-json\/wp\/v2\/users\/1"}],"replies":[{"embeddable":true,"href":"https:\/\/www.cmbituruna.pr.gov.br\/1\/index.php\/wp-json\/wp\/v2\/comments?post=47"}],"version-history":[{"count":52,"href":"https:\/\/www.cmbituruna.pr.gov.br\/1\/index.php\/wp-json\/wp\/v2\/pages\/47\/revisions"}],"predecessor-version":[{"id":2245,"href":"https:\/\/www.cmbituruna.pr.gov.br\/1\/index.php\/wp-json\/wp\/v2\/pages\/47\/revisions\/2245"}],"wp:attachment":[{"href":"https:\/\/www.cmbituruna.pr.gov.br\/1\/index.php\/wp-json\/wp\/v2\/media?parent=47"}],"curies":[{"name":"wp","href":"https:\/\/api.w.org\/{rel}","templated":true}]}}